{"id":108859,"date":"2026-03-14T13:12:52","date_gmt":"2026-03-14T16:12:52","guid":{"rendered":"https:\/\/anacleta.com.ar\/?post_type=product&#038;p=108859"},"modified":"2026-03-16T18:40:45","modified_gmt":"2026-03-16T21:40:45","slug":"camisa-cherry","status":"publish","type":"product","link":"https:\/\/anacleta.com.ar\/es_es\/producto\/camisa-cherry\/","title":{"rendered":"Camisa Cherry"},"content":{"rendered":"","protected":false},"excerpt":{"rendered":"<p>Camisa Cherry confeccionada en poplin de twill de algod\u00f3n con estampa exclusiva. Presenta cartera oculta con botones de pasta blancos, y broche honguito n\u00edquel en pie de cuello y pu\u00f1os. Lleva bordado JCH a tono con el rojo de la estampa.<\/p>\n<p>Composici\u00f3n: 100% Algod\u00f3n.<\/p>\n<p>Referencia modelo Victoria: Altura 1,73 Talle: 1<\/p>\n","protected":false},"featured_media":108861,"template":"","meta":[],"product_brand":[480],"product_cat":[184],"product_tag":[112],"class_list":{"0":"post-108859","1":"product","2":"type-product","3":"status-publish","4":"has-post-thumbnail","6":"product_brand-jazmin-chebar","7":"product_cat-camisas","8":"product_tag-jazmin-chebar","10":"first","11":"outofstock","12":"shipping-taxable","13":"product-type-variable"},"_links":{"self":[{"href":"https:\/\/anacleta.com.ar\/es_es\/wp-json\/wp\/v2\/product\/108859","targetHints":{"allow":["GET"]}}],"collection":[{"href":"https:\/\/anacleta.com.ar\/es_es\/wp-json\/wp\/v2\/product"}],"about":[{"href":"https:\/\/anacleta.com.ar\/es_es\/wp-json\/wp\/v2\/types\/product"}],"wp:featuredmedia":[{"embeddable":true,"href":"https:\/\/anacleta.com.ar\/es_es\/wp-json\/wp\/v2\/media\/108861"}],"wp:attachment":[{"href":"https:\/\/anacleta.com.ar\/es_es\/wp-json\/wp\/v2\/media?parent=108859"}],"wp:term":[{"taxonomy":"product_brand","embeddable":true,"href":"https:\/\/anacleta.com.ar\/es_es\/wp-json\/wp\/v2\/product_brand?post=108859"},{"taxonomy":"product_cat","embeddable":true,"href":"https:\/\/anacleta.com.ar\/es_es\/wp-json\/wp\/v2\/product_cat?post=108859"},{"taxonomy":"product_tag","embeddable":true,"href":"https:\/\/anacleta.com.ar\/es_es\/wp-json\/wp\/v2\/product_tag?post=108859"}],"curies":[{"name":"wp","href":"https:\/\/api.w.org\/{rel}","templated":true}]}}