{"id":108869,"date":"2026-03-14T13:17:48","date_gmt":"2026-03-14T16:17:48","guid":{"rendered":"https:\/\/anacleta.com.ar\/?post_type=product&#038;p=108869"},"modified":"2026-03-27T09:59:36","modified_gmt":"2026-03-27T12:59:36","slug":"pollera-nantes","status":"publish","type":"product","link":"https:\/\/anacleta.com.ar\/es_es\/producto\/pollera-nantes\/","title":{"rendered":"Pollera Nantes"},"content":{"rendered":"","protected":false},"excerpt":{"rendered":"<p>Pollera Nantes tejida en hilado fr\u00edo que combina rayas y colores, creando textura y dinamismo. De largo por arriba de los tobillos, presenta un calce al cuerpo en la cadera que se vuelve m\u00e1s suelto hacia el ruedo. La cintura incorpora hilo met\u00e1lico, aportando brillo a la prenda.<\/p>\n<p>Composici\u00f3n: 62% Lyocell 23% Algod\u00f3n 12% Poliamida 3% Poli\u00e9ster<\/p>\n<p>Referencia modelo Victoria: Altura 1,73 Talle: 1<\/p>\n","protected":false},"featured_media":108871,"template":"","meta":[],"product_brand":[480],"product_cat":[130],"product_tag":[112],"class_list":{"0":"post-108869","1":"product","2":"type-product","3":"status-publish","4":"has-post-thumbnail","6":"product_brand-jazmin-chebar","7":"product_cat-vestidos-y-faldas","8":"product_tag-jazmin-chebar","10":"first","11":"outofstock","12":"shipping-taxable","13":"product-type-variable"},"_links":{"self":[{"href":"https:\/\/anacleta.com.ar\/es_es\/wp-json\/wp\/v2\/product\/108869","targetHints":{"allow":["GET"]}}],"collection":[{"href":"https:\/\/anacleta.com.ar\/es_es\/wp-json\/wp\/v2\/product"}],"about":[{"href":"https:\/\/anacleta.com.ar\/es_es\/wp-json\/wp\/v2\/types\/product"}],"wp:featuredmedia":[{"embeddable":true,"href":"https:\/\/anacleta.com.ar\/es_es\/wp-json\/wp\/v2\/media\/108871"}],"wp:attachment":[{"href":"https:\/\/anacleta.com.ar\/es_es\/wp-json\/wp\/v2\/media?parent=108869"}],"wp:term":[{"taxonomy":"product_brand","embeddable":true,"href":"https:\/\/anacleta.com.ar\/es_es\/wp-json\/wp\/v2\/product_brand?post=108869"},{"taxonomy":"product_cat","embeddable":true,"href":"https:\/\/anacleta.com.ar\/es_es\/wp-json\/wp\/v2\/product_cat?post=108869"},{"taxonomy":"product_tag","embeddable":true,"href":"https:\/\/anacleta.com.ar\/es_es\/wp-json\/wp\/v2\/product_tag?post=108869"}],"curies":[{"name":"wp","href":"https:\/\/api.w.org\/{rel}","templated":true}]}}