{"id":108874,"date":"2026-03-14T13:20:32","date_gmt":"2026-03-14T16:20:32","guid":{"rendered":"https:\/\/anacleta.com.ar\/?post_type=product&#038;p=108874"},"modified":"2026-03-14T13:20:32","modified_gmt":"2026-03-14T16:20:32","slug":"chaqueta-london","status":"publish","type":"product","link":"https:\/\/anacleta.com.ar\/es_es\/producto\/chaqueta-london\/","title":{"rendered":"Chaqueta London"},"content":{"rendered":"","protected":false},"excerpt":{"rendered":"<p>Chaqueta London con exterior en tono camel y forrer\u00eda interior a cuadros. Presenta capucha con cord\u00f3n, bolsillos delanteros y cierre desmontable. Incluye detalle de bordado y largo que se extiende por debajo de la cintura.<\/p>\n<p>Composici\u00f3n: 58% Algod\u00f3n 29% Poli\u00e9ster 13% Viscosa<\/p>\n<p>Referencia modelo Justina: Altura 1,78 Talle: 1<\/p>\n","protected":false},"featured_media":108876,"template":"","meta":[],"product_brand":[480],"product_cat":[148],"product_tag":[112],"class_list":{"0":"post-108874","1":"product","2":"type-product","3":"status-publish","4":"has-post-thumbnail","6":"product_brand-jazmin-chebar","7":"product_cat-sacos-y-camperas","8":"product_tag-jazmin-chebar","10":"first","11":"instock","12":"shipping-taxable","13":"purchasable","14":"product-type-variable"},"_links":{"self":[{"href":"https:\/\/anacleta.com.ar\/es_es\/wp-json\/wp\/v2\/product\/108874","targetHints":{"allow":["GET"]}}],"collection":[{"href":"https:\/\/anacleta.com.ar\/es_es\/wp-json\/wp\/v2\/product"}],"about":[{"href":"https:\/\/anacleta.com.ar\/es_es\/wp-json\/wp\/v2\/types\/product"}],"wp:featuredmedia":[{"embeddable":true,"href":"https:\/\/anacleta.com.ar\/es_es\/wp-json\/wp\/v2\/media\/108876"}],"wp:attachment":[{"href":"https:\/\/anacleta.com.ar\/es_es\/wp-json\/wp\/v2\/media?parent=108874"}],"wp:term":[{"taxonomy":"product_brand","embeddable":true,"href":"https:\/\/anacleta.com.ar\/es_es\/wp-json\/wp\/v2\/product_brand?post=108874"},{"taxonomy":"product_cat","embeddable":true,"href":"https:\/\/anacleta.com.ar\/es_es\/wp-json\/wp\/v2\/product_cat?post=108874"},{"taxonomy":"product_tag","embeddable":true,"href":"https:\/\/anacleta.com.ar\/es_es\/wp-json\/wp\/v2\/product_tag?post=108874"}],"curies":[{"name":"wp","href":"https:\/\/api.w.org\/{rel}","templated":true}]}}