{"id":108890,"date":"2026-03-14T13:30:00","date_gmt":"2026-03-14T16:30:00","guid":{"rendered":"https:\/\/anacleta.com.ar\/?post_type=product&#038;p=108890"},"modified":"2026-04-02T13:04:17","modified_gmt":"2026-04-02T16:04:17","slug":"top-helen","status":"publish","type":"product","link":"https:\/\/anacleta.com.ar\/es_es\/producto\/top-helen\/","title":{"rendered":"Top Helen"},"content":{"rendered":"","protected":false},"excerpt":{"rendered":"<p>Top Helen tejido en hilado fr\u00edo, de silueta al cuerpo que realza la figura. Combina mangas en tela plana con volumen, aportando contraste y un detalle femenino distintivo a la prenda.<\/p>\n<p>Composici\u00f3n: 65% Viscosa 35% Poliamida Mangas: 82% Poli\u00e9ster 15% Algod\u00f3n 3% Elastano<\/p>\n<p>Referencia modelo Helena: Altura 1,72 Talle: 1<\/p>\n","protected":false},"featured_media":108892,"template":"","meta":[],"product_brand":[480],"product_cat":[181],"product_tag":[112],"class_list":{"0":"post-108890","1":"product","2":"type-product","3":"status-publish","4":"has-post-thumbnail","6":"product_brand-jazmin-chebar","7":"product_cat-tops","8":"product_tag-jazmin-chebar","10":"first","11":"outofstock","12":"shipping-taxable","13":"product-type-variable"},"_links":{"self":[{"href":"https:\/\/anacleta.com.ar\/es_es\/wp-json\/wp\/v2\/product\/108890","targetHints":{"allow":["GET"]}}],"collection":[{"href":"https:\/\/anacleta.com.ar\/es_es\/wp-json\/wp\/v2\/product"}],"about":[{"href":"https:\/\/anacleta.com.ar\/es_es\/wp-json\/wp\/v2\/types\/product"}],"wp:featuredmedia":[{"embeddable":true,"href":"https:\/\/anacleta.com.ar\/es_es\/wp-json\/wp\/v2\/media\/108892"}],"wp:attachment":[{"href":"https:\/\/anacleta.com.ar\/es_es\/wp-json\/wp\/v2\/media?parent=108890"}],"wp:term":[{"taxonomy":"product_brand","embeddable":true,"href":"https:\/\/anacleta.com.ar\/es_es\/wp-json\/wp\/v2\/product_brand?post=108890"},{"taxonomy":"product_cat","embeddable":true,"href":"https:\/\/anacleta.com.ar\/es_es\/wp-json\/wp\/v2\/product_cat?post=108890"},{"taxonomy":"product_tag","embeddable":true,"href":"https:\/\/anacleta.com.ar\/es_es\/wp-json\/wp\/v2\/product_tag?post=108890"}],"curies":[{"name":"wp","href":"https:\/\/api.w.org\/{rel}","templated":true}]}}