{"id":108906,"date":"2026-03-16T10:06:35","date_gmt":"2026-03-16T13:06:35","guid":{"rendered":"https:\/\/anacleta.com.ar\/?post_type=product&#038;p=108906"},"modified":"2026-03-16T10:06:35","modified_gmt":"2026-03-16T13:06:35","slug":"vestido-lirio","status":"publish","type":"product","link":"https:\/\/anacleta.com.ar\/es_es\/producto\/vestido-lirio\/","title":{"rendered":"Vestido Lirio"},"content":{"rendered":"","protected":false},"excerpt":{"rendered":"<p>Este vestido largo combina una silueta envolvente con un escote asim\u00e9trico que redefine lo cl\u00e1sico desde una elegancia pura y contempor\u00e1nea. Confeccionado en un tejido con ca\u00edda y sutil elasticidad, se adapta al cuerpo sin marcar en exceso y fluye con gracia hasta el suelo. Su dise\u00f1o depurado, sin detalles superfluos, pone el foco en la potencia del corte y la estructura, logrando un impacto sofisticado y atemporal<\/p>\n","protected":false},"featured_media":108908,"template":"","meta":[],"product_brand":[485],"product_cat":[130],"product_tag":[114],"class_list":{"0":"post-108906","1":"product","2":"type-product","3":"status-publish","4":"has-post-thumbnail","6":"product_brand-natalia-antolin","7":"product_cat-vestidos-y-faldas","8":"product_tag-natalia-antolin","10":"first","11":"instock","12":"shipping-taxable","13":"purchasable","14":"product-type-variable"},"_links":{"self":[{"href":"https:\/\/anacleta.com.ar\/es_es\/wp-json\/wp\/v2\/product\/108906","targetHints":{"allow":["GET"]}}],"collection":[{"href":"https:\/\/anacleta.com.ar\/es_es\/wp-json\/wp\/v2\/product"}],"about":[{"href":"https:\/\/anacleta.com.ar\/es_es\/wp-json\/wp\/v2\/types\/product"}],"wp:featuredmedia":[{"embeddable":true,"href":"https:\/\/anacleta.com.ar\/es_es\/wp-json\/wp\/v2\/media\/108908"}],"wp:attachment":[{"href":"https:\/\/anacleta.com.ar\/es_es\/wp-json\/wp\/v2\/media?parent=108906"}],"wp:term":[{"taxonomy":"product_brand","embeddable":true,"href":"https:\/\/anacleta.com.ar\/es_es\/wp-json\/wp\/v2\/product_brand?post=108906"},{"taxonomy":"product_cat","embeddable":true,"href":"https:\/\/anacleta.com.ar\/es_es\/wp-json\/wp\/v2\/product_cat?post=108906"},{"taxonomy":"product_tag","embeddable":true,"href":"https:\/\/anacleta.com.ar\/es_es\/wp-json\/wp\/v2\/product_tag?post=108906"}],"curies":[{"name":"wp","href":"https:\/\/api.w.org\/{rel}","templated":true}]}}