{"id":108911,"date":"2026-03-16T10:09:32","date_gmt":"2026-03-16T13:09:32","guid":{"rendered":"https:\/\/anacleta.com.ar\/?post_type=product&#038;p=108911"},"modified":"2026-03-16T10:09:32","modified_gmt":"2026-03-16T13:09:32","slug":"pantalon-ivy","status":"publish","type":"product","link":"https:\/\/anacleta.com.ar\/es_es\/producto\/pantalon-ivy\/","title":{"rendered":"Pantalon Ivy"},"content":{"rendered":"","protected":false},"excerpt":{"rendered":"<p data-start=\"0\" data-end=\"362\">Este pantal\u00f3n de crepe sastrero combina estructura y detalle en una silueta cl\u00e1sica con un gui\u00f1o contempor\u00e1neo. De tiro medio y corte slim, incorpora pines met\u00e1licos desmontables en la cintura que suman un acento distintivo y personalizable, aportando car\u00e1cter sin perder elegancia. Un dise\u00f1o vers\u00e1til que se adapta con naturalidad a looks de d\u00eda o de noche.<\/p>\n","protected":false},"featured_media":108915,"template":"","meta":[],"product_brand":[485],"product_cat":[134],"product_tag":[114],"class_list":{"0":"post-108911","1":"product","2":"type-product","3":"status-publish","4":"has-post-thumbnail","6":"product_brand-natalia-antolin","7":"product_cat-pantalones","8":"product_tag-natalia-antolin","10":"first","11":"instock","12":"shipping-taxable","13":"purchasable","14":"product-type-variable"},"_links":{"self":[{"href":"https:\/\/anacleta.com.ar\/es_es\/wp-json\/wp\/v2\/product\/108911","targetHints":{"allow":["GET"]}}],"collection":[{"href":"https:\/\/anacleta.com.ar\/es_es\/wp-json\/wp\/v2\/product"}],"about":[{"href":"https:\/\/anacleta.com.ar\/es_es\/wp-json\/wp\/v2\/types\/product"}],"wp:featuredmedia":[{"embeddable":true,"href":"https:\/\/anacleta.com.ar\/es_es\/wp-json\/wp\/v2\/media\/108915"}],"wp:attachment":[{"href":"https:\/\/anacleta.com.ar\/es_es\/wp-json\/wp\/v2\/media?parent=108911"}],"wp:term":[{"taxonomy":"product_brand","embeddable":true,"href":"https:\/\/anacleta.com.ar\/es_es\/wp-json\/wp\/v2\/product_brand?post=108911"},{"taxonomy":"product_cat","embeddable":true,"href":"https:\/\/anacleta.com.ar\/es_es\/wp-json\/wp\/v2\/product_cat?post=108911"},{"taxonomy":"product_tag","embeddable":true,"href":"https:\/\/anacleta.com.ar\/es_es\/wp-json\/wp\/v2\/product_tag?post=108911"}],"curies":[{"name":"wp","href":"https:\/\/api.w.org\/{rel}","templated":true}]}}