{"id":108921,"date":"2026-03-16T10:15:16","date_gmt":"2026-03-16T13:15:16","guid":{"rendered":"https:\/\/anacleta.com.ar\/?post_type=product&#038;p=108921"},"modified":"2026-03-16T10:15:16","modified_gmt":"2026-03-16T13:15:16","slug":"mono-judith","status":"publish","type":"product","link":"https:\/\/anacleta.com.ar\/es_es\/producto\/mono-judith\/","title":{"rendered":"Mono Judith"},"content":{"rendered":"","protected":false},"excerpt":{"rendered":"<p data-start=\"0\" data-end=\"348\">Este mono largo de crepe sastrero combina l\u00edneas limpias y ca\u00edda fluida para lograr una silueta estilizada y actual. Su dise\u00f1o acompa\u00f1a el cuerpo con naturalidad, mientras que el tejido con elastano aporta comodidad y un calce impecable durante todo el d\u00eda o la noche. Una pieza vers\u00e1til y moderna que resuelve looks con presencia sin esfuerzo.<\/p>\n","protected":false},"featured_media":108923,"template":"","meta":[],"product_brand":[485],"product_cat":[197],"product_tag":[114],"class_list":{"0":"post-108921","1":"product","2":"type-product","3":"status-publish","4":"has-post-thumbnail","6":"product_brand-natalia-antolin","7":"product_cat-monos","8":"product_tag-natalia-antolin","10":"first","11":"instock","12":"shipping-taxable","13":"purchasable","14":"product-type-variable"},"_links":{"self":[{"href":"https:\/\/anacleta.com.ar\/es_es\/wp-json\/wp\/v2\/product\/108921","targetHints":{"allow":["GET"]}}],"collection":[{"href":"https:\/\/anacleta.com.ar\/es_es\/wp-json\/wp\/v2\/product"}],"about":[{"href":"https:\/\/anacleta.com.ar\/es_es\/wp-json\/wp\/v2\/types\/product"}],"wp:featuredmedia":[{"embeddable":true,"href":"https:\/\/anacleta.com.ar\/es_es\/wp-json\/wp\/v2\/media\/108923"}],"wp:attachment":[{"href":"https:\/\/anacleta.com.ar\/es_es\/wp-json\/wp\/v2\/media?parent=108921"}],"wp:term":[{"taxonomy":"product_brand","embeddable":true,"href":"https:\/\/anacleta.com.ar\/es_es\/wp-json\/wp\/v2\/product_brand?post=108921"},{"taxonomy":"product_cat","embeddable":true,"href":"https:\/\/anacleta.com.ar\/es_es\/wp-json\/wp\/v2\/product_cat?post=108921"},{"taxonomy":"product_tag","embeddable":true,"href":"https:\/\/anacleta.com.ar\/es_es\/wp-json\/wp\/v2\/product_tag?post=108921"}],"curies":[{"name":"wp","href":"https:\/\/api.w.org\/{rel}","templated":true}]}}