{"id":108965,"date":"2026-03-16T11:21:45","date_gmt":"2026-03-16T14:21:45","guid":{"rendered":"https:\/\/anacleta.com.ar\/?post_type=product&#038;p=108965"},"modified":"2026-04-23T10:47:48","modified_gmt":"2026-04-23T13:47:48","slug":"campera-moss","status":"publish","type":"product","link":"https:\/\/anacleta.com.ar\/es_es\/producto\/campera-moss\/","title":{"rendered":"Campera Moss"},"content":{"rendered":"","protected":false},"excerpt":{"rendered":"<p>Campera puffer de fit cl\u00e1sico, con cierre central en el frente, bolsillos en los laterales, capucha y pu\u00f1os de mangas el\u00e1sticos.<br \/>\nConfeccionada en sir\u00e9 engomado, de tacto gamuzado.<\/p>\n","protected":false},"featured_media":108972,"template":"","meta":[],"product_brand":[498],"product_cat":[148],"product_tag":[124],"class_list":{"0":"post-108965","1":"product","2":"type-product","3":"status-publish","4":"has-post-thumbnail","6":"product_brand-y-lovers","7":"product_cat-sacos-y-camperas","8":"product_tag-y-lovers","10":"first","11":"instock","12":"shipping-taxable","13":"purchasable","14":"product-type-variable"},"_links":{"self":[{"href":"https:\/\/anacleta.com.ar\/es_es\/wp-json\/wp\/v2\/product\/108965","targetHints":{"allow":["GET"]}}],"collection":[{"href":"https:\/\/anacleta.com.ar\/es_es\/wp-json\/wp\/v2\/product"}],"about":[{"href":"https:\/\/anacleta.com.ar\/es_es\/wp-json\/wp\/v2\/types\/product"}],"wp:featuredmedia":[{"embeddable":true,"href":"https:\/\/anacleta.com.ar\/es_es\/wp-json\/wp\/v2\/media\/108972"}],"wp:attachment":[{"href":"https:\/\/anacleta.com.ar\/es_es\/wp-json\/wp\/v2\/media?parent=108965"}],"wp:term":[{"taxonomy":"product_brand","embeddable":true,"href":"https:\/\/anacleta.com.ar\/es_es\/wp-json\/wp\/v2\/product_brand?post=108965"},{"taxonomy":"product_cat","embeddable":true,"href":"https:\/\/anacleta.com.ar\/es_es\/wp-json\/wp\/v2\/product_cat?post=108965"},{"taxonomy":"product_tag","embeddable":true,"href":"https:\/\/anacleta.com.ar\/es_es\/wp-json\/wp\/v2\/product_tag?post=108965"}],"curies":[{"name":"wp","href":"https:\/\/api.w.org\/{rel}","templated":true}]}}