{"id":109083,"date":"2026-03-17T18:22:58","date_gmt":"2026-03-17T21:22:58","guid":{"rendered":"https:\/\/anacleta.com.ar\/?post_type=product&#038;p=109083"},"modified":"2026-04-10T12:10:32","modified_gmt":"2026-04-10T15:10:32","slug":"pollera-alfa-romeo","status":"publish","type":"product","link":"https:\/\/anacleta.com.ar\/es_es\/producto\/pollera-alfa-romeo\/","title":{"rendered":"Pollera Alfa Romeo"},"content":{"rendered":"","protected":false},"excerpt":{"rendered":"<p>Pollera confeccionada en denim de algod\u00f3n combinada con detalles en PU. En centro de acceso posee cierre met\u00e1lico que recorre desde la mitad de la falda permitiendo generar un tajo central s\u00faper canchero. Cierres met\u00e1licos en diagonal sobre delantero superior de la prenda.<\/p>\n","protected":false},"featured_media":109086,"template":"","meta":[],"product_brand":[484],"product_cat":[130],"product_tag":[473],"class_list":{"0":"post-109083","1":"product","2":"type-product","3":"status-publish","4":"has-post-thumbnail","6":"product_brand-liarte","7":"product_cat-vestidos-y-faldas","8":"product_tag-liarte","10":"first","11":"instock","12":"shipping-taxable","13":"purchasable","14":"product-type-variable"},"_links":{"self":[{"href":"https:\/\/anacleta.com.ar\/es_es\/wp-json\/wp\/v2\/product\/109083","targetHints":{"allow":["GET"]}}],"collection":[{"href":"https:\/\/anacleta.com.ar\/es_es\/wp-json\/wp\/v2\/product"}],"about":[{"href":"https:\/\/anacleta.com.ar\/es_es\/wp-json\/wp\/v2\/types\/product"}],"wp:featuredmedia":[{"embeddable":true,"href":"https:\/\/anacleta.com.ar\/es_es\/wp-json\/wp\/v2\/media\/109086"}],"wp:attachment":[{"href":"https:\/\/anacleta.com.ar\/es_es\/wp-json\/wp\/v2\/media?parent=109083"}],"wp:term":[{"taxonomy":"product_brand","embeddable":true,"href":"https:\/\/anacleta.com.ar\/es_es\/wp-json\/wp\/v2\/product_brand?post=109083"},{"taxonomy":"product_cat","embeddable":true,"href":"https:\/\/anacleta.com.ar\/es_es\/wp-json\/wp\/v2\/product_cat?post=109083"},{"taxonomy":"product_tag","embeddable":true,"href":"https:\/\/anacleta.com.ar\/es_es\/wp-json\/wp\/v2\/product_tag?post=109083"}],"curies":[{"name":"wp","href":"https:\/\/api.w.org\/{rel}","templated":true}]}}