{"id":109090,"date":"2026-03-17T18:27:00","date_gmt":"2026-03-17T21:27:00","guid":{"rendered":"https:\/\/anacleta.com.ar\/?post_type=product&#038;p=109090"},"modified":"2026-04-18T10:38:11","modified_gmt":"2026-04-18T13:38:11","slug":"camisa-lexus","status":"publish","type":"product","link":"https:\/\/anacleta.com.ar\/es_es\/producto\/camisa-lexus\/","title":{"rendered":"Camisa Lexus"},"content":{"rendered":"","protected":false},"excerpt":{"rendered":"<p>Camisa Lexus confeccionada en poplin de algod\u00f3n. Presenta m\u00faltiples recortes geom\u00e9tricos en el delantero de la prenda, jugando con las rayas del textil y contracolor. Es la prenda que aporta dise\u00f1o distintivo en cualquier tipo de look. Tambi\u00e9n combina el cuello y cartera con botones escondidos en blanco.<\/p>\n","protected":false},"featured_media":109093,"template":"","meta":[],"product_brand":[484],"product_cat":[184],"product_tag":[473],"class_list":{"0":"post-109090","1":"product","2":"type-product","3":"status-publish","4":"has-post-thumbnail","6":"product_brand-liarte","7":"product_cat-camisas","8":"product_tag-liarte","10":"first","11":"outofstock","12":"shipping-taxable","13":"product-type-variable"},"_links":{"self":[{"href":"https:\/\/anacleta.com.ar\/es_es\/wp-json\/wp\/v2\/product\/109090","targetHints":{"allow":["GET"]}}],"collection":[{"href":"https:\/\/anacleta.com.ar\/es_es\/wp-json\/wp\/v2\/product"}],"about":[{"href":"https:\/\/anacleta.com.ar\/es_es\/wp-json\/wp\/v2\/types\/product"}],"wp:featuredmedia":[{"embeddable":true,"href":"https:\/\/anacleta.com.ar\/es_es\/wp-json\/wp\/v2\/media\/109093"}],"wp:attachment":[{"href":"https:\/\/anacleta.com.ar\/es_es\/wp-json\/wp\/v2\/media?parent=109090"}],"wp:term":[{"taxonomy":"product_brand","embeddable":true,"href":"https:\/\/anacleta.com.ar\/es_es\/wp-json\/wp\/v2\/product_brand?post=109090"},{"taxonomy":"product_cat","embeddable":true,"href":"https:\/\/anacleta.com.ar\/es_es\/wp-json\/wp\/v2\/product_cat?post=109090"},{"taxonomy":"product_tag","embeddable":true,"href":"https:\/\/anacleta.com.ar\/es_es\/wp-json\/wp\/v2\/product_tag?post=109090"}],"curies":[{"name":"wp","href":"https:\/\/api.w.org\/{rel}","templated":true}]}}