{"id":109102,"date":"2026-03-17T18:32:32","date_gmt":"2026-03-17T21:32:32","guid":{"rendered":"https:\/\/anacleta.com.ar\/?post_type=product&#038;p=109102"},"modified":"2026-04-07T09:47:14","modified_gmt":"2026-04-07T12:47:14","slug":"campera-ktm","status":"publish","type":"product","link":"https:\/\/anacleta.com.ar\/es_es\/producto\/campera-ktm\/","title":{"rendered":"Campera KTM"},"content":{"rendered":"","protected":false},"excerpt":{"rendered":"<p>Campera de manga rangl\u00e1n confeccionada en bull de gabardina r\u00edgido. Combinaci\u00f3n en cuerito en contorno de tapas de bolsillos, gal\u00f3n a lo largo de la manga y contorno de cuello. Accesorio de cintur\u00f3n de la misma tela.<\/p>\n","protected":false},"featured_media":109105,"template":"","meta":[],"product_brand":[484],"product_cat":[148],"product_tag":[473],"class_list":{"0":"post-109102","1":"product","2":"type-product","3":"status-publish","4":"has-post-thumbnail","6":"product_brand-liarte","7":"product_cat-sacos-y-camperas","8":"product_tag-liarte","10":"first","11":"instock","12":"shipping-taxable","13":"purchasable","14":"product-type-variable"},"_links":{"self":[{"href":"https:\/\/anacleta.com.ar\/es_es\/wp-json\/wp\/v2\/product\/109102","targetHints":{"allow":["GET"]}}],"collection":[{"href":"https:\/\/anacleta.com.ar\/es_es\/wp-json\/wp\/v2\/product"}],"about":[{"href":"https:\/\/anacleta.com.ar\/es_es\/wp-json\/wp\/v2\/types\/product"}],"wp:featuredmedia":[{"embeddable":true,"href":"https:\/\/anacleta.com.ar\/es_es\/wp-json\/wp\/v2\/media\/109105"}],"wp:attachment":[{"href":"https:\/\/anacleta.com.ar\/es_es\/wp-json\/wp\/v2\/media?parent=109102"}],"wp:term":[{"taxonomy":"product_brand","embeddable":true,"href":"https:\/\/anacleta.com.ar\/es_es\/wp-json\/wp\/v2\/product_brand?post=109102"},{"taxonomy":"product_cat","embeddable":true,"href":"https:\/\/anacleta.com.ar\/es_es\/wp-json\/wp\/v2\/product_cat?post=109102"},{"taxonomy":"product_tag","embeddable":true,"href":"https:\/\/anacleta.com.ar\/es_es\/wp-json\/wp\/v2\/product_tag?post=109102"}],"curies":[{"name":"wp","href":"https:\/\/api.w.org\/{rel}","templated":true}]}}