{"id":109322,"date":"2026-03-19T20:31:15","date_gmt":"2026-03-19T23:31:15","guid":{"rendered":"https:\/\/anacleta.com.ar\/?post_type=product&#038;p=109322"},"modified":"2026-03-19T20:31:15","modified_gmt":"2026-03-19T23:31:15","slug":"joguineta-sport-99","status":"publish","type":"product","link":"https:\/\/anacleta.com.ar\/es_es\/producto\/joguineta-sport-99\/","title":{"rendered":"Joguineta Sport 99"},"content":{"rendered":"","protected":false},"excerpt":{"rendered":"<p>La Joguineta Sport de calce regular, est\u00e1 confeccionado en tela deportiva. Con cintura elastizada y cord\u00f3n para ajustar. Bolsillos ojal en delantero y bolsillos plaqu\u00e9 en espalda. Cuenta con bordado a contratono en delantero y laterales con tiras tejidas aplicadas. Alina est\u00e1 usando en la prenda superior un talle S, y en la prenda inferior un talle S\/26. Sus medidas son: Altura 1. 79 m. Busto 78 cm. Cintura 60cm. Cadera 88cm. Ignacio est\u00e1 usando en la prenda superior un talle M y en la prenda inferior un talle L\/34. Sus medidas son: Altura 1. 83m. Pecho 91 cm. Cintura 74cm. Cadera 94cm<\/p>\n","protected":false},"featured_media":109326,"template":"","meta":[],"product_brand":[495],"product_cat":[134],"product_tag":[349],"class_list":{"0":"post-109322","1":"product","2":"type-product","3":"status-publish","4":"has-post-thumbnail","6":"product_brand-label-99","7":"product_cat-pantalones","8":"product_tag-label","10":"first","11":"instock","12":"shipping-taxable","13":"purchasable","14":"product-type-variable"},"_links":{"self":[{"href":"https:\/\/anacleta.com.ar\/es_es\/wp-json\/wp\/v2\/product\/109322","targetHints":{"allow":["GET"]}}],"collection":[{"href":"https:\/\/anacleta.com.ar\/es_es\/wp-json\/wp\/v2\/product"}],"about":[{"href":"https:\/\/anacleta.com.ar\/es_es\/wp-json\/wp\/v2\/types\/product"}],"wp:featuredmedia":[{"embeddable":true,"href":"https:\/\/anacleta.com.ar\/es_es\/wp-json\/wp\/v2\/media\/109326"}],"wp:attachment":[{"href":"https:\/\/anacleta.com.ar\/es_es\/wp-json\/wp\/v2\/media?parent=109322"}],"wp:term":[{"taxonomy":"product_brand","embeddable":true,"href":"https:\/\/anacleta.com.ar\/es_es\/wp-json\/wp\/v2\/product_brand?post=109322"},{"taxonomy":"product_cat","embeddable":true,"href":"https:\/\/anacleta.com.ar\/es_es\/wp-json\/wp\/v2\/product_cat?post=109322"},{"taxonomy":"product_tag","embeddable":true,"href":"https:\/\/anacleta.com.ar\/es_es\/wp-json\/wp\/v2\/product_tag?post=109322"}],"curies":[{"name":"wp","href":"https:\/\/api.w.org\/{rel}","templated":true}]}}