{"id":109330,"date":"2026-03-19T20:36:00","date_gmt":"2026-03-19T23:36:00","guid":{"rendered":"https:\/\/anacleta.com.ar\/?post_type=product&#038;p=109330"},"modified":"2026-03-28T10:27:59","modified_gmt":"2026-03-28T13:27:59","slug":"hoodie-hcg-mix","status":"publish","type":"product","link":"https:\/\/anacleta.com.ar\/es_es\/producto\/hoodie-hcg-mix\/","title":{"rendered":"Hoodie HCG Mix"},"content":{"rendered":"","protected":false},"excerpt":{"rendered":"<p>Hoodie de algod\u00f3n elastizado con tejido combinaci\u00f3n en laterales. Posee bordado al tono. Calce relax. Nacho est\u00e1 usando en la prenda superior un talle M, y en la prenda inferior un talle S\/30. Su altura es de 1.85 m<\/p>\n","protected":false},"featured_media":109336,"template":"","meta":[],"product_brand":[494],"product_cat":[150],"product_tag":[110],"class_list":{"0":"post-109330","1":"product","2":"type-product","3":"status-publish","4":"has-post-thumbnail","6":"product_brand-herencia","7":"product_cat-buzos","8":"product_tag-herencia-custom-garage","10":"first","11":"instock","12":"shipping-taxable","13":"purchasable","14":"product-type-variable"},"_links":{"self":[{"href":"https:\/\/anacleta.com.ar\/es_es\/wp-json\/wp\/v2\/product\/109330","targetHints":{"allow":["GET"]}}],"collection":[{"href":"https:\/\/anacleta.com.ar\/es_es\/wp-json\/wp\/v2\/product"}],"about":[{"href":"https:\/\/anacleta.com.ar\/es_es\/wp-json\/wp\/v2\/types\/product"}],"wp:featuredmedia":[{"embeddable":true,"href":"https:\/\/anacleta.com.ar\/es_es\/wp-json\/wp\/v2\/media\/109336"}],"wp:attachment":[{"href":"https:\/\/anacleta.com.ar\/es_es\/wp-json\/wp\/v2\/media?parent=109330"}],"wp:term":[{"taxonomy":"product_brand","embeddable":true,"href":"https:\/\/anacleta.com.ar\/es_es\/wp-json\/wp\/v2\/product_brand?post=109330"},{"taxonomy":"product_cat","embeddable":true,"href":"https:\/\/anacleta.com.ar\/es_es\/wp-json\/wp\/v2\/product_cat?post=109330"},{"taxonomy":"product_tag","embeddable":true,"href":"https:\/\/anacleta.com.ar\/es_es\/wp-json\/wp\/v2\/product_tag?post=109330"}],"curies":[{"name":"wp","href":"https:\/\/api.w.org\/{rel}","templated":true}]}}