{"id":109339,"date":"2026-03-19T20:39:53","date_gmt":"2026-03-19T23:39:53","guid":{"rendered":"https:\/\/anacleta.com.ar\/?post_type=product&#038;p=109339"},"modified":"2026-05-02T10:28:55","modified_gmt":"2026-05-02T13:28:55","slug":"remera-heart-queen","status":"publish","type":"product","link":"https:\/\/anacleta.com.ar\/es_es\/producto\/remera-heart-queen\/","title":{"rendered":"Remera Heart Queen"},"content":{"rendered":"","protected":false},"excerpt":{"rendered":"<p>La remera Heart Queen tiene calce slim, escote redondo y manga corta con ribb en sisas y cuello a contratono. Incluye estampa en delantero con arte exclusivo de la colecci\u00f3n. Esta confeccionada en jersey de algod\u00f3n. Eva est\u00e1 usando en la prenda superior un talle S, y en la prenda inferior un talle S\/26. Sus medidas son: Altura 1.78 m. Busto 78 cm. Cintura 57 cm. Cadera 86 cm<\/p>\n","protected":false},"featured_media":109344,"template":"","meta":[],"product_brand":[493],"product_cat":[129],"product_tag":[108],"class_list":{"0":"post-109339","1":"product","2":"type-product","3":"status-publish","4":"has-post-thumbnail","6":"product_brand-kosiuko","7":"product_cat-remeras","8":"product_tag-kosiuko","10":"first","11":"outofstock","12":"shipping-taxable","13":"product-type-variable"},"_links":{"self":[{"href":"https:\/\/anacleta.com.ar\/es_es\/wp-json\/wp\/v2\/product\/109339","targetHints":{"allow":["GET"]}}],"collection":[{"href":"https:\/\/anacleta.com.ar\/es_es\/wp-json\/wp\/v2\/product"}],"about":[{"href":"https:\/\/anacleta.com.ar\/es_es\/wp-json\/wp\/v2\/types\/product"}],"wp:featuredmedia":[{"embeddable":true,"href":"https:\/\/anacleta.com.ar\/es_es\/wp-json\/wp\/v2\/media\/109344"}],"wp:attachment":[{"href":"https:\/\/anacleta.com.ar\/es_es\/wp-json\/wp\/v2\/media?parent=109339"}],"wp:term":[{"taxonomy":"product_brand","embeddable":true,"href":"https:\/\/anacleta.com.ar\/es_es\/wp-json\/wp\/v2\/product_brand?post=109339"},{"taxonomy":"product_cat","embeddable":true,"href":"https:\/\/anacleta.com.ar\/es_es\/wp-json\/wp\/v2\/product_cat?post=109339"},{"taxonomy":"product_tag","embeddable":true,"href":"https:\/\/anacleta.com.ar\/es_es\/wp-json\/wp\/v2\/product_tag?post=109339"}],"curies":[{"name":"wp","href":"https:\/\/api.w.org\/{rel}","templated":true}]}}