{"id":109405,"date":"2026-03-20T10:33:29","date_gmt":"2026-03-20T13:33:29","guid":{"rendered":"https:\/\/anacleta.com.ar\/?post_type=product&#038;p=109405"},"modified":"2026-04-04T10:29:45","modified_gmt":"2026-04-04T13:29:45","slug":"remera-west-cross","status":"publish","type":"product","link":"https:\/\/anacleta.com.ar\/es_es\/producto\/remera-west-cross\/","title":{"rendered":"Remera West Cross"},"content":{"rendered":"","protected":false},"excerpt":{"rendered":"<p>La Remera West Cross tiene un calce oversize con cuello redondo en ribb al tono y manga corta. Cuenta con estampa en delantero y espalda, combinando t\u00e9cnicas de corrosi\u00f3n y altura. Est\u00e1 confeccionada en jersey de algod\u00f3n 14\/1 y posee un proceso de lavado suavizado para darle a la prenda un tacto \u00fanico. Ignacio est\u00e1 usando en la prenda superior un talle M y en la prenda inferior un talle L\/34. Sus medidas son: Altura 1. 83m. Pecho 91 cm. Cintura 74cm. Cadera 94cm<\/p>\n","protected":false},"featured_media":109410,"template":"","meta":[],"product_brand":[495],"product_cat":[129],"product_tag":[349],"class_list":{"0":"post-109405","1":"product","2":"type-product","3":"status-publish","4":"has-post-thumbnail","6":"product_brand-label-99","7":"product_cat-remeras","8":"product_tag-label","10":"first","11":"instock","12":"shipping-taxable","13":"purchasable","14":"product-type-variable"},"_links":{"self":[{"href":"https:\/\/anacleta.com.ar\/es_es\/wp-json\/wp\/v2\/product\/109405","targetHints":{"allow":["GET"]}}],"collection":[{"href":"https:\/\/anacleta.com.ar\/es_es\/wp-json\/wp\/v2\/product"}],"about":[{"href":"https:\/\/anacleta.com.ar\/es_es\/wp-json\/wp\/v2\/types\/product"}],"wp:featuredmedia":[{"embeddable":true,"href":"https:\/\/anacleta.com.ar\/es_es\/wp-json\/wp\/v2\/media\/109410"}],"wp:attachment":[{"href":"https:\/\/anacleta.com.ar\/es_es\/wp-json\/wp\/v2\/media?parent=109405"}],"wp:term":[{"taxonomy":"product_brand","embeddable":true,"href":"https:\/\/anacleta.com.ar\/es_es\/wp-json\/wp\/v2\/product_brand?post=109405"},{"taxonomy":"product_cat","embeddable":true,"href":"https:\/\/anacleta.com.ar\/es_es\/wp-json\/wp\/v2\/product_cat?post=109405"},{"taxonomy":"product_tag","embeddable":true,"href":"https:\/\/anacleta.com.ar\/es_es\/wp-json\/wp\/v2\/product_tag?post=109405"}],"curies":[{"name":"wp","href":"https:\/\/api.w.org\/{rel}","templated":true}]}}