{"id":109433,"date":"2026-03-20T11:02:07","date_gmt":"2026-03-20T14:02:07","guid":{"rendered":"https:\/\/anacleta.com.ar\/?post_type=product&#038;p=109433"},"modified":"2026-03-20T11:02:07","modified_gmt":"2026-03-20T14:02:07","slug":"hoodie-doggy-dark","status":"publish","type":"product","link":"https:\/\/anacleta.com.ar\/es_es\/producto\/hoodie-doggy-dark\/","title":{"rendered":"Hoodie Doggy Dark"},"content":{"rendered":"","protected":false},"excerpt":{"rendered":"<p>El Hoodie Doggy Dark de calce oversize con capucha y bolsillo canguro tiene estampa en delantero. Adem\u00e1s lleva cocodrilo met\u00e1lico con logo en la boca de bolsillo. Est\u00e1 confeccionado en r\u00fastico de algod\u00f3n con pu\u00f1os de morley al tono. Posee proceso de lavado suavizado. Ignacio est\u00e1 usando en la prenda superior un talle M y en la prenda inferior un talle L\/34. Sus medidas son: Altura 1. 83m. Pecho 91 cm. Cintura 74cm. Cadera 94cm<\/p>\n","protected":false},"featured_media":109438,"template":"","meta":[],"product_brand":[495],"product_cat":[150],"product_tag":[349],"class_list":{"0":"post-109433","1":"product","2":"type-product","3":"status-publish","4":"has-post-thumbnail","6":"product_brand-label-99","7":"product_cat-buzos","8":"product_tag-label","10":"first","11":"instock","12":"shipping-taxable","13":"purchasable","14":"product-type-variable"},"_links":{"self":[{"href":"https:\/\/anacleta.com.ar\/es_es\/wp-json\/wp\/v2\/product\/109433","targetHints":{"allow":["GET"]}}],"collection":[{"href":"https:\/\/anacleta.com.ar\/es_es\/wp-json\/wp\/v2\/product"}],"about":[{"href":"https:\/\/anacleta.com.ar\/es_es\/wp-json\/wp\/v2\/types\/product"}],"wp:featuredmedia":[{"embeddable":true,"href":"https:\/\/anacleta.com.ar\/es_es\/wp-json\/wp\/v2\/media\/109438"}],"wp:attachment":[{"href":"https:\/\/anacleta.com.ar\/es_es\/wp-json\/wp\/v2\/media?parent=109433"}],"wp:term":[{"taxonomy":"product_brand","embeddable":true,"href":"https:\/\/anacleta.com.ar\/es_es\/wp-json\/wp\/v2\/product_brand?post=109433"},{"taxonomy":"product_cat","embeddable":true,"href":"https:\/\/anacleta.com.ar\/es_es\/wp-json\/wp\/v2\/product_cat?post=109433"},{"taxonomy":"product_tag","embeddable":true,"href":"https:\/\/anacleta.com.ar\/es_es\/wp-json\/wp\/v2\/product_tag?post=109433"}],"curies":[{"name":"wp","href":"https:\/\/api.w.org\/{rel}","templated":true}]}}