{"id":109448,"date":"2026-03-20T11:10:22","date_gmt":"2026-03-20T14:10:22","guid":{"rendered":"https:\/\/anacleta.com.ar\/?post_type=product&#038;p=109448"},"modified":"2026-03-20T11:10:23","modified_gmt":"2026-03-20T14:10:23","slug":"sweater-feral-2","status":"publish","type":"product","link":"https:\/\/anacleta.com.ar\/es_es\/producto\/sweater-feral-2\/","title":{"rendered":"Sweater Feral"},"content":{"rendered":"","protected":false},"excerpt":{"rendered":"<p>El sweater Feral tiene calce regular, escote redondo y mangas ragl\u00e1n. Tejido en jersey con detalles menguados y terminaciones en rib. La prenda est\u00e1 personalizada con delicados cristales en el delantero y en mangas. In\u00e9s est\u00e1 usando en la prenda superior un talle S, y en la prenda inferior un talle S\/26. Sus medidas son: Altura 1.75 m. Busto 75 cm. Cintura 65cm. Cadera 90cm<\/p>\n","protected":false},"featured_media":109450,"template":"","meta":[],"product_brand":[493],"product_cat":[146],"product_tag":[108],"class_list":{"0":"post-109448","1":"product","2":"type-product","3":"status-publish","4":"has-post-thumbnail","6":"product_brand-kosiuko","7":"product_cat-sweaters","8":"product_tag-kosiuko","10":"first","11":"instock","12":"shipping-taxable","13":"purchasable","14":"product-type-variable"},"_links":{"self":[{"href":"https:\/\/anacleta.com.ar\/es_es\/wp-json\/wp\/v2\/product\/109448","targetHints":{"allow":["GET"]}}],"collection":[{"href":"https:\/\/anacleta.com.ar\/es_es\/wp-json\/wp\/v2\/product"}],"about":[{"href":"https:\/\/anacleta.com.ar\/es_es\/wp-json\/wp\/v2\/types\/product"}],"wp:featuredmedia":[{"embeddable":true,"href":"https:\/\/anacleta.com.ar\/es_es\/wp-json\/wp\/v2\/media\/109450"}],"wp:attachment":[{"href":"https:\/\/anacleta.com.ar\/es_es\/wp-json\/wp\/v2\/media?parent=109448"}],"wp:term":[{"taxonomy":"product_brand","embeddable":true,"href":"https:\/\/anacleta.com.ar\/es_es\/wp-json\/wp\/v2\/product_brand?post=109448"},{"taxonomy":"product_cat","embeddable":true,"href":"https:\/\/anacleta.com.ar\/es_es\/wp-json\/wp\/v2\/product_cat?post=109448"},{"taxonomy":"product_tag","embeddable":true,"href":"https:\/\/anacleta.com.ar\/es_es\/wp-json\/wp\/v2\/product_tag?post=109448"}],"curies":[{"name":"wp","href":"https:\/\/api.w.org\/{rel}","templated":true}]}}