{"id":109454,"date":"2026-03-20T11:19:17","date_gmt":"2026-03-20T14:19:17","guid":{"rendered":"https:\/\/anacleta.com.ar\/?post_type=product&#038;p=109454"},"modified":"2026-04-29T10:08:45","modified_gmt":"2026-04-29T13:08:45","slug":"remera-bs-as-99","status":"publish","type":"product","link":"https:\/\/anacleta.com.ar\/es_es\/producto\/remera-bs-as-99\/","title":{"rendered":"Remera BS AS 99"},"content":{"rendered":"","protected":false},"excerpt":{"rendered":"<p>La Remera Bs As 99 tiene un calce regular con cuello redondo en ribb al tono y manga larga con pu\u00f1o del mismo ribb. Cuenta con estampa a contratono en delantero. Est\u00e1 confeccionada en jersey de algod\u00f3n 24\/1 y posee un proceso de lavado suavizado para darle a la prenda un tacto \u00fanico. Ignacio est\u00e1 usando en la prenda superior un talle M y en la prenda inferior un talle L\/34. Sus medidas son: Altura 1. 83m. Pecho 91 cm. Cintura 74cm. Cadera 94cm<\/p>\n","protected":false},"featured_media":109461,"template":"","meta":[],"product_brand":[493],"product_cat":[129],"product_tag":[108],"class_list":{"0":"post-109454","1":"product","2":"type-product","3":"status-publish","4":"has-post-thumbnail","6":"product_brand-kosiuko","7":"product_cat-remeras","8":"product_tag-kosiuko","10":"first","11":"instock","12":"shipping-taxable","13":"purchasable","14":"product-type-variable"},"_links":{"self":[{"href":"https:\/\/anacleta.com.ar\/es_es\/wp-json\/wp\/v2\/product\/109454","targetHints":{"allow":["GET"]}}],"collection":[{"href":"https:\/\/anacleta.com.ar\/es_es\/wp-json\/wp\/v2\/product"}],"about":[{"href":"https:\/\/anacleta.com.ar\/es_es\/wp-json\/wp\/v2\/types\/product"}],"wp:featuredmedia":[{"embeddable":true,"href":"https:\/\/anacleta.com.ar\/es_es\/wp-json\/wp\/v2\/media\/109461"}],"wp:attachment":[{"href":"https:\/\/anacleta.com.ar\/es_es\/wp-json\/wp\/v2\/media?parent=109454"}],"wp:term":[{"taxonomy":"product_brand","embeddable":true,"href":"https:\/\/anacleta.com.ar\/es_es\/wp-json\/wp\/v2\/product_brand?post=109454"},{"taxonomy":"product_cat","embeddable":true,"href":"https:\/\/anacleta.com.ar\/es_es\/wp-json\/wp\/v2\/product_cat?post=109454"},{"taxonomy":"product_tag","embeddable":true,"href":"https:\/\/anacleta.com.ar\/es_es\/wp-json\/wp\/v2\/product_tag?post=109454"}],"curies":[{"name":"wp","href":"https:\/\/api.w.org\/{rel}","templated":true}]}}