{"id":109502,"date":"2026-03-20T12:17:24","date_gmt":"2026-03-20T15:17:24","guid":{"rendered":"https:\/\/anacleta.com.ar\/?post_type=product&#038;p=109502"},"modified":"2026-05-09T09:21:18","modified_gmt":"2026-05-09T12:21:18","slug":"buzo-basic-black","status":"publish","type":"product","link":"https:\/\/anacleta.com.ar\/es_es\/producto\/buzo-basic-black\/","title":{"rendered":"Buzo Basic Black"},"content":{"rendered":"","protected":false},"excerpt":{"rendered":"<p>El Buzo Basic Black de calce oversize y cuello redondo tiene logo bordado a tono en delantero. Est\u00e1 confeccionado en friza de algod\u00f3n con pu\u00f1os de morley al tono. Posee proceso de lavado suavizado. Ignacio est\u00e1 usando en la prenda superior un talle M y en la prenda inferior un talle L\/34. Sus medidas son: Altura 1. 83m. Pecho 91 cm. Cintura 74cm. Cadera 94cm<\/p>\n","protected":false},"featured_media":109506,"template":"","meta":[],"product_brand":[494],"product_cat":[150],"product_tag":[110],"class_list":{"0":"post-109502","1":"product","2":"type-product","3":"status-publish","4":"has-post-thumbnail","6":"product_brand-herencia","7":"product_cat-buzos","8":"product_tag-herencia-custom-garage","10":"first","11":"instock","12":"shipping-taxable","13":"purchasable","14":"product-type-variable"},"_links":{"self":[{"href":"https:\/\/anacleta.com.ar\/es_es\/wp-json\/wp\/v2\/product\/109502","targetHints":{"allow":["GET"]}}],"collection":[{"href":"https:\/\/anacleta.com.ar\/es_es\/wp-json\/wp\/v2\/product"}],"about":[{"href":"https:\/\/anacleta.com.ar\/es_es\/wp-json\/wp\/v2\/types\/product"}],"wp:featuredmedia":[{"embeddable":true,"href":"https:\/\/anacleta.com.ar\/es_es\/wp-json\/wp\/v2\/media\/109506"}],"wp:attachment":[{"href":"https:\/\/anacleta.com.ar\/es_es\/wp-json\/wp\/v2\/media?parent=109502"}],"wp:term":[{"taxonomy":"product_brand","embeddable":true,"href":"https:\/\/anacleta.com.ar\/es_es\/wp-json\/wp\/v2\/product_brand?post=109502"},{"taxonomy":"product_cat","embeddable":true,"href":"https:\/\/anacleta.com.ar\/es_es\/wp-json\/wp\/v2\/product_cat?post=109502"},{"taxonomy":"product_tag","embeddable":true,"href":"https:\/\/anacleta.com.ar\/es_es\/wp-json\/wp\/v2\/product_tag?post=109502"}],"curies":[{"name":"wp","href":"https:\/\/api.w.org\/{rel}","templated":true}]}}