{"id":109518,"date":"2026-03-20T12:33:27","date_gmt":"2026-03-20T15:33:27","guid":{"rendered":"https:\/\/anacleta.com.ar\/?post_type=product&#038;p=109518"},"modified":"2026-03-20T12:33:27","modified_gmt":"2026-03-20T15:33:27","slug":"gorra-liberty","status":"publish","type":"product","link":"https:\/\/anacleta.com.ar\/es_es\/producto\/gorra-liberty\/","title":{"rendered":"Gorra Liberty"},"content":{"rendered":"","protected":false},"excerpt":{"rendered":"<p>La gorra Liberty, est\u00e1 confeccionada en brocato con lurex, con est\u00e1mpa exclusiva de est\u00e1 colecci\u00f3n. Lleva aplique met\u00e1lico en lateral, con isologo de la marca color n\u00edquel. Tiene acceso trasero ajustable<\/p>\n","protected":false},"featured_media":109519,"template":"","meta":[],"product_brand":[493],"product_cat":[128],"product_tag":[108],"class_list":{"0":"post-109518","1":"product","2":"type-product","3":"status-publish","4":"has-post-thumbnail","6":"product_brand-kosiuko","7":"product_cat-accesorios","8":"product_tag-kosiuko","10":"first","11":"instock","12":"shipping-taxable","13":"purchasable","14":"product-type-simple"},"_links":{"self":[{"href":"https:\/\/anacleta.com.ar\/es_es\/wp-json\/wp\/v2\/product\/109518","targetHints":{"allow":["GET"]}}],"collection":[{"href":"https:\/\/anacleta.com.ar\/es_es\/wp-json\/wp\/v2\/product"}],"about":[{"href":"https:\/\/anacleta.com.ar\/es_es\/wp-json\/wp\/v2\/types\/product"}],"wp:featuredmedia":[{"embeddable":true,"href":"https:\/\/anacleta.com.ar\/es_es\/wp-json\/wp\/v2\/media\/109519"}],"wp:attachment":[{"href":"https:\/\/anacleta.com.ar\/es_es\/wp-json\/wp\/v2\/media?parent=109518"}],"wp:term":[{"taxonomy":"product_brand","embeddable":true,"href":"https:\/\/anacleta.com.ar\/es_es\/wp-json\/wp\/v2\/product_brand?post=109518"},{"taxonomy":"product_cat","embeddable":true,"href":"https:\/\/anacleta.com.ar\/es_es\/wp-json\/wp\/v2\/product_cat?post=109518"},{"taxonomy":"product_tag","embeddable":true,"href":"https:\/\/anacleta.com.ar\/es_es\/wp-json\/wp\/v2\/product_tag?post=109518"}],"curies":[{"name":"wp","href":"https:\/\/api.w.org\/{rel}","templated":true}]}}