{"id":109544,"date":"2026-03-20T12:51:14","date_gmt":"2026-03-20T15:51:14","guid":{"rendered":"https:\/\/anacleta.com.ar\/?post_type=product&#038;p=109544"},"modified":"2026-03-20T12:51:15","modified_gmt":"2026-03-20T15:51:15","slug":"chaqueta-shinedown","status":"publish","type":"product","link":"https:\/\/anacleta.com.ar\/es_es\/producto\/chaqueta-shinedown\/","title":{"rendered":"Chaqueta Shinedown"},"content":{"rendered":"","protected":false},"excerpt":{"rendered":"<p>La chaqueta Shinedown es de calce regular y recto. Tiene un largo por debajo de la cadera. Lleva un cuello camisero en cuerina, su cerramiento es con broches a presi\u00f3n. Tiene bolsillos frontales con y sin solapa. Adem\u00e1s tiene detalles de pespuntes que resaltan su estilo funcional y moderno. Miranda est\u00e1 usando en la prenda superior un talle S, y en la prenda inferior un talle S\/26. Sus medidas son: Altura 1.73 m. Busto 77 cm. Cintura 59cm. Cadera 85cm<\/p>\n","protected":false},"featured_media":109548,"template":"","meta":[],"product_brand":[493],"product_cat":[148],"product_tag":[108],"class_list":{"0":"post-109544","1":"product","2":"type-product","3":"status-publish","4":"has-post-thumbnail","6":"product_brand-kosiuko","7":"product_cat-sacos-y-camperas","8":"product_tag-kosiuko","10":"first","11":"instock","12":"shipping-taxable","13":"purchasable","14":"product-type-variable"},"_links":{"self":[{"href":"https:\/\/anacleta.com.ar\/es_es\/wp-json\/wp\/v2\/product\/109544","targetHints":{"allow":["GET"]}}],"collection":[{"href":"https:\/\/anacleta.com.ar\/es_es\/wp-json\/wp\/v2\/product"}],"about":[{"href":"https:\/\/anacleta.com.ar\/es_es\/wp-json\/wp\/v2\/types\/product"}],"wp:featuredmedia":[{"embeddable":true,"href":"https:\/\/anacleta.com.ar\/es_es\/wp-json\/wp\/v2\/media\/109548"}],"wp:attachment":[{"href":"https:\/\/anacleta.com.ar\/es_es\/wp-json\/wp\/v2\/media?parent=109544"}],"wp:term":[{"taxonomy":"product_brand","embeddable":true,"href":"https:\/\/anacleta.com.ar\/es_es\/wp-json\/wp\/v2\/product_brand?post=109544"},{"taxonomy":"product_cat","embeddable":true,"href":"https:\/\/anacleta.com.ar\/es_es\/wp-json\/wp\/v2\/product_cat?post=109544"},{"taxonomy":"product_tag","embeddable":true,"href":"https:\/\/anacleta.com.ar\/es_es\/wp-json\/wp\/v2\/product_tag?post=109544"}],"curies":[{"name":"wp","href":"https:\/\/api.w.org\/{rel}","templated":true}]}}