{"id":109578,"date":"2026-03-20T17:54:58","date_gmt":"2026-03-20T20:54:58","guid":{"rendered":"https:\/\/anacleta.com.ar\/?post_type=product&#038;p=109578"},"modified":"2026-03-20T17:54:58","modified_gmt":"2026-03-20T20:54:58","slug":"campera-in-the-club-2","status":"publish","type":"product","link":"https:\/\/anacleta.com.ar\/es_es\/producto\/campera-in-the-club-2\/","title":{"rendered":"Campera In The Club"},"content":{"rendered":"","protected":false},"excerpt":{"rendered":"<p>La campera In The Club es de calce regular. Est\u00e1 confeccionada en tejido acanalado exclusivo de nuestra colecci\u00f3n. Presenta cuello, pu\u00f1os y cintura en tejido. Cuenta con bolsillos laterales con vista y cierre frontal a tono. Miranda est\u00e1 usando en la prenda superior un talle S, y en la prenda inferior un talle S\/26. Sus medidas son: Altura 1.73 m. Busto 77 cm. Cintura 59cm. Cadera 85cm<\/p>\n","protected":false},"featured_media":109580,"template":"","meta":[],"product_brand":[493],"product_cat":[148],"product_tag":[108],"class_list":{"0":"post-109578","1":"product","2":"type-product","3":"status-publish","4":"has-post-thumbnail","6":"product_brand-kosiuko","7":"product_cat-sacos-y-camperas","8":"product_tag-kosiuko","10":"first","11":"instock","12":"shipping-taxable","13":"purchasable","14":"product-type-variable"},"_links":{"self":[{"href":"https:\/\/anacleta.com.ar\/es_es\/wp-json\/wp\/v2\/product\/109578","targetHints":{"allow":["GET"]}}],"collection":[{"href":"https:\/\/anacleta.com.ar\/es_es\/wp-json\/wp\/v2\/product"}],"about":[{"href":"https:\/\/anacleta.com.ar\/es_es\/wp-json\/wp\/v2\/types\/product"}],"wp:featuredmedia":[{"embeddable":true,"href":"https:\/\/anacleta.com.ar\/es_es\/wp-json\/wp\/v2\/media\/109580"}],"wp:attachment":[{"href":"https:\/\/anacleta.com.ar\/es_es\/wp-json\/wp\/v2\/media?parent=109578"}],"wp:term":[{"taxonomy":"product_brand","embeddable":true,"href":"https:\/\/anacleta.com.ar\/es_es\/wp-json\/wp\/v2\/product_brand?post=109578"},{"taxonomy":"product_cat","embeddable":true,"href":"https:\/\/anacleta.com.ar\/es_es\/wp-json\/wp\/v2\/product_cat?post=109578"},{"taxonomy":"product_tag","embeddable":true,"href":"https:\/\/anacleta.com.ar\/es_es\/wp-json\/wp\/v2\/product_tag?post=109578"}],"curies":[{"name":"wp","href":"https:\/\/api.w.org\/{rel}","templated":true}]}}