{"id":109590,"date":"2026-03-20T18:02:04","date_gmt":"2026-03-20T21:02:04","guid":{"rendered":"https:\/\/anacleta.com.ar\/?post_type=product&#038;p=109590"},"modified":"2026-04-23T10:35:36","modified_gmt":"2026-04-23T13:35:36","slug":"cadena-wonderland","status":"publish","type":"product","link":"https:\/\/anacleta.com.ar\/es_es\/producto\/cadena-wonderland\/","title":{"rendered":"Cadena Wonderland"},"content":{"rendered":"","protected":false},"excerpt":{"rendered":"<p>La cadena Wonderland est\u00e1 compuest\u00e1 por un conjunto de dijes inspirados en la colecci\u00f3n. contiene una llave, un coraz\u00f3n, una moneda, un dado, una corona y un candado. combina terminaci\u00f3nes en dorado y negro, aportando contraste y sofisticaci\u00f3n. cada charm fue dise\u00f1ado espec\u00edficamente, creando una pieza que fusiona lujo, fantas\u00eda y personalidad. Puede usarse como collar o accesorio colgante. Largo 48cm<\/p>\n","protected":false},"featured_media":109591,"template":"","meta":[],"product_brand":[493],"product_cat":[128],"product_tag":[108],"class_list":{"0":"post-109590","1":"product","2":"type-product","3":"status-publish","4":"has-post-thumbnail","6":"product_brand-kosiuko","7":"product_cat-accesorios","8":"product_tag-kosiuko","10":"first","11":"instock","12":"shipping-taxable","13":"purchasable","14":"product-type-simple"},"_links":{"self":[{"href":"https:\/\/anacleta.com.ar\/es_es\/wp-json\/wp\/v2\/product\/109590","targetHints":{"allow":["GET"]}}],"collection":[{"href":"https:\/\/anacleta.com.ar\/es_es\/wp-json\/wp\/v2\/product"}],"about":[{"href":"https:\/\/anacleta.com.ar\/es_es\/wp-json\/wp\/v2\/types\/product"}],"wp:featuredmedia":[{"embeddable":true,"href":"https:\/\/anacleta.com.ar\/es_es\/wp-json\/wp\/v2\/media\/109591"}],"wp:attachment":[{"href":"https:\/\/anacleta.com.ar\/es_es\/wp-json\/wp\/v2\/media?parent=109590"}],"wp:term":[{"taxonomy":"product_brand","embeddable":true,"href":"https:\/\/anacleta.com.ar\/es_es\/wp-json\/wp\/v2\/product_brand?post=109590"},{"taxonomy":"product_cat","embeddable":true,"href":"https:\/\/anacleta.com.ar\/es_es\/wp-json\/wp\/v2\/product_cat?post=109590"},{"taxonomy":"product_tag","embeddable":true,"href":"https:\/\/anacleta.com.ar\/es_es\/wp-json\/wp\/v2\/product_tag?post=109590"}],"curies":[{"name":"wp","href":"https:\/\/api.w.org\/{rel}","templated":true}]}}