{"id":109594,"date":"2026-03-20T18:06:19","date_gmt":"2026-03-20T21:06:19","guid":{"rendered":"https:\/\/anacleta.com.ar\/?post_type=product&#038;p=109594"},"modified":"2026-03-20T18:06:19","modified_gmt":"2026-03-20T21:06:19","slug":"falda-mini-polka","status":"publish","type":"product","link":"https:\/\/anacleta.com.ar\/es_es\/producto\/falda-mini-polka\/","title":{"rendered":"Falda Mini Polka"},"content":{"rendered":"","protected":false},"excerpt":{"rendered":"<p>La falda Mini Polka est\u00e1 confeccionada en tejido sastrero diferenciado. Calce regular. Largo mini. Cuenta con m\u00faltiples tablas en el delantero y una solapa en la cintura. Tiene dos correas con hebillas met\u00e1licas personalizadas de la marca. Esta prenda pertenece hace juego con el blazer Polka. Miranda est\u00e1 usando en la prenda superior un talle S, y en la prenda inferior un talle S\/26. Sus medidas son: Altura 1.73 m. Busto 77 cm. Cintura 59cm. Cadera 85cm<\/p>\n","protected":false},"featured_media":109596,"template":"","meta":[],"product_brand":[493],"product_cat":[130],"product_tag":[108],"class_list":{"0":"post-109594","1":"product","2":"type-product","3":"status-publish","4":"has-post-thumbnail","6":"product_brand-kosiuko","7":"product_cat-vestidos-y-faldas","8":"product_tag-kosiuko","10":"first","11":"instock","12":"shipping-taxable","13":"purchasable","14":"product-type-variable"},"_links":{"self":[{"href":"https:\/\/anacleta.com.ar\/es_es\/wp-json\/wp\/v2\/product\/109594","targetHints":{"allow":["GET"]}}],"collection":[{"href":"https:\/\/anacleta.com.ar\/es_es\/wp-json\/wp\/v2\/product"}],"about":[{"href":"https:\/\/anacleta.com.ar\/es_es\/wp-json\/wp\/v2\/types\/product"}],"wp:featuredmedia":[{"embeddable":true,"href":"https:\/\/anacleta.com.ar\/es_es\/wp-json\/wp\/v2\/media\/109596"}],"wp:attachment":[{"href":"https:\/\/anacleta.com.ar\/es_es\/wp-json\/wp\/v2\/media?parent=109594"}],"wp:term":[{"taxonomy":"product_brand","embeddable":true,"href":"https:\/\/anacleta.com.ar\/es_es\/wp-json\/wp\/v2\/product_brand?post=109594"},{"taxonomy":"product_cat","embeddable":true,"href":"https:\/\/anacleta.com.ar\/es_es\/wp-json\/wp\/v2\/product_cat?post=109594"},{"taxonomy":"product_tag","embeddable":true,"href":"https:\/\/anacleta.com.ar\/es_es\/wp-json\/wp\/v2\/product_tag?post=109594"}],"curies":[{"name":"wp","href":"https:\/\/api.w.org\/{rel}","templated":true}]}}