{"id":109606,"date":"2026-03-20T18:10:36","date_gmt":"2026-03-20T21:10:36","guid":{"rendered":"https:\/\/anacleta.com.ar\/?post_type=product&#038;p=109606"},"modified":"2026-03-20T18:10:37","modified_gmt":"2026-03-20T21:10:37","slug":"llavero-crazy-rabbit","status":"publish","type":"product","link":"https:\/\/anacleta.com.ar\/es_es\/producto\/llavero-crazy-rabbit\/","title":{"rendered":"Llavero Crazy Rabbit"},"content":{"rendered":"","protected":false},"excerpt":{"rendered":"<p>El llavero Crazy Rabbit est\u00e1 esmaltado y presenta detalles en tonos rosa y burgundy. Incluye dijes exclusivos de la marca, cada uno dise\u00f1ado espec\u00edficamente, creando una pieza ideal para decorar accesorios o utilizar como llavero. Largo 13cm<\/p>\n","protected":false},"featured_media":109607,"template":"","meta":[],"product_brand":[493],"product_cat":[128],"product_tag":[108],"class_list":{"0":"post-109606","1":"product","2":"type-product","3":"status-publish","4":"has-post-thumbnail","6":"product_brand-kosiuko","7":"product_cat-accesorios","8":"product_tag-kosiuko","10":"first","11":"instock","12":"shipping-taxable","13":"purchasable","14":"product-type-simple"},"_links":{"self":[{"href":"https:\/\/anacleta.com.ar\/es_es\/wp-json\/wp\/v2\/product\/109606","targetHints":{"allow":["GET"]}}],"collection":[{"href":"https:\/\/anacleta.com.ar\/es_es\/wp-json\/wp\/v2\/product"}],"about":[{"href":"https:\/\/anacleta.com.ar\/es_es\/wp-json\/wp\/v2\/types\/product"}],"wp:featuredmedia":[{"embeddable":true,"href":"https:\/\/anacleta.com.ar\/es_es\/wp-json\/wp\/v2\/media\/109607"}],"wp:attachment":[{"href":"https:\/\/anacleta.com.ar\/es_es\/wp-json\/wp\/v2\/media?parent=109606"}],"wp:term":[{"taxonomy":"product_brand","embeddable":true,"href":"https:\/\/anacleta.com.ar\/es_es\/wp-json\/wp\/v2\/product_brand?post=109606"},{"taxonomy":"product_cat","embeddable":true,"href":"https:\/\/anacleta.com.ar\/es_es\/wp-json\/wp\/v2\/product_cat?post=109606"},{"taxonomy":"product_tag","embeddable":true,"href":"https:\/\/anacleta.com.ar\/es_es\/wp-json\/wp\/v2\/product_tag?post=109606"}],"curies":[{"name":"wp","href":"https:\/\/api.w.org\/{rel}","templated":true}]}}