{"id":109615,"date":"2026-03-20T18:17:19","date_gmt":"2026-03-20T21:17:19","guid":{"rendered":"https:\/\/anacleta.com.ar\/?post_type=product&#038;p=109615"},"modified":"2026-04-29T10:22:21","modified_gmt":"2026-04-29T13:22:21","slug":"falda-edinburgh","status":"publish","type":"product","link":"https:\/\/anacleta.com.ar\/es_es\/producto\/falda-edinburgh\/","title":{"rendered":"Falda Edinburgh"},"content":{"rendered":"","protected":false},"excerpt":{"rendered":"<p>La falda Edinburgh est\u00e1 confeccionada en un tejido escoc\u00e9s de tono rojo con trama negra. Presenta un dise\u00f1o cruzado en el frente con terminaci\u00f3n irregular que aporta movimiento y un aire contempor\u00e1neo a una silueta cl\u00e1sica. Su molder\u00eda combina estructura y fluidez Miranda est\u00e1 usando en la prenda superior un talle S, y en la prenda inferior un talle S\/26. Sus medidas son: Altura 1.73 m. Busto 77 cm. Cintura 59cm. Cadera 85cm<\/p>\n","protected":false},"featured_media":109618,"template":"","meta":[],"product_brand":[493],"product_cat":[130],"product_tag":[108],"class_list":{"0":"post-109615","1":"product","2":"type-product","3":"status-publish","4":"has-post-thumbnail","6":"product_brand-kosiuko","7":"product_cat-vestidos-y-faldas","8":"product_tag-kosiuko","10":"first","11":"instock","12":"shipping-taxable","13":"purchasable","14":"product-type-variable"},"_links":{"self":[{"href":"https:\/\/anacleta.com.ar\/es_es\/wp-json\/wp\/v2\/product\/109615","targetHints":{"allow":["GET"]}}],"collection":[{"href":"https:\/\/anacleta.com.ar\/es_es\/wp-json\/wp\/v2\/product"}],"about":[{"href":"https:\/\/anacleta.com.ar\/es_es\/wp-json\/wp\/v2\/types\/product"}],"wp:featuredmedia":[{"embeddable":true,"href":"https:\/\/anacleta.com.ar\/es_es\/wp-json\/wp\/v2\/media\/109618"}],"wp:attachment":[{"href":"https:\/\/anacleta.com.ar\/es_es\/wp-json\/wp\/v2\/media?parent=109615"}],"wp:term":[{"taxonomy":"product_brand","embeddable":true,"href":"https:\/\/anacleta.com.ar\/es_es\/wp-json\/wp\/v2\/product_brand?post=109615"},{"taxonomy":"product_cat","embeddable":true,"href":"https:\/\/anacleta.com.ar\/es_es\/wp-json\/wp\/v2\/product_cat?post=109615"},{"taxonomy":"product_tag","embeddable":true,"href":"https:\/\/anacleta.com.ar\/es_es\/wp-json\/wp\/v2\/product_tag?post=109615"}],"curies":[{"name":"wp","href":"https:\/\/api.w.org\/{rel}","templated":true}]}}