{"id":109644,"date":"2026-03-20T20:09:45","date_gmt":"2026-03-20T23:09:45","guid":{"rendered":"https:\/\/anacleta.com.ar\/?post_type=product&#038;p=109644"},"modified":"2026-03-20T20:09:45","modified_gmt":"2026-03-20T23:09:45","slug":"musculosa-enzo","status":"publish","type":"product","link":"https:\/\/anacleta.com.ar\/es_es\/producto\/musculosa-enzo\/","title":{"rendered":"Musculosa Enzo"},"content":{"rendered":"","protected":false},"excerpt":{"rendered":"<p>Top de gasa con silueta sutilmente evas\u00e9. Su dise\u00f1o de destaca por un dibujo geom\u00e9trico de tachitas facetadas peltres, otorgandole un brillo especial y moderno. Detalle de terminaci\u00f3n con vivo al corte en escote y sisas. Se destaca por su silueta de espalda corte americano y escote bien en U.<\/p>\n","protected":false},"featured_media":109647,"template":"","meta":[],"product_brand":[484],"product_cat":[129],"product_tag":[473],"class_list":{"0":"post-109644","1":"product","2":"type-product","3":"status-publish","4":"has-post-thumbnail","6":"product_brand-liarte","7":"product_cat-remeras","8":"product_tag-liarte","10":"first","11":"instock","12":"shipping-taxable","13":"purchasable","14":"product-type-variable"},"_links":{"self":[{"href":"https:\/\/anacleta.com.ar\/es_es\/wp-json\/wp\/v2\/product\/109644","targetHints":{"allow":["GET"]}}],"collection":[{"href":"https:\/\/anacleta.com.ar\/es_es\/wp-json\/wp\/v2\/product"}],"about":[{"href":"https:\/\/anacleta.com.ar\/es_es\/wp-json\/wp\/v2\/types\/product"}],"wp:featuredmedia":[{"embeddable":true,"href":"https:\/\/anacleta.com.ar\/es_es\/wp-json\/wp\/v2\/media\/109647"}],"wp:attachment":[{"href":"https:\/\/anacleta.com.ar\/es_es\/wp-json\/wp\/v2\/media?parent=109644"}],"wp:term":[{"taxonomy":"product_brand","embeddable":true,"href":"https:\/\/anacleta.com.ar\/es_es\/wp-json\/wp\/v2\/product_brand?post=109644"},{"taxonomy":"product_cat","embeddable":true,"href":"https:\/\/anacleta.com.ar\/es_es\/wp-json\/wp\/v2\/product_cat?post=109644"},{"taxonomy":"product_tag","embeddable":true,"href":"https:\/\/anacleta.com.ar\/es_es\/wp-json\/wp\/v2\/product_tag?post=109644"}],"curies":[{"name":"wp","href":"https:\/\/api.w.org\/{rel}","templated":true}]}}