{"id":110088,"date":"2026-04-10T10:38:56","date_gmt":"2026-04-10T13:38:56","guid":{"rendered":"https:\/\/anacleta.com.ar\/?post_type=product&#038;p=110088"},"modified":"2026-04-10T10:38:56","modified_gmt":"2026-04-10T13:38:56","slug":"tapado-corto-sylvie","status":"publish","type":"product","link":"https:\/\/anacleta.com.ar\/es_es\/producto\/tapado-corto-sylvie\/","title":{"rendered":"Tapado Corto Sylvie"},"content":{"rendered":"<div class=\"vtex-flex-layout-0-x-flexColChild vtex-flex-layout-0-x-flexColChild--right-col pb0\">\n<div class=\"vtex-store-components-3-x-productDescriptionContainer\">\n<div class=\"vtex-store-components-3-x-productDescriptionText c-muted-1\">El tapado Sylvie est\u00e1 confeccionado en pelo sint\u00e9tico corto ultra soft con print degrad\u00e9 en tonos fr\u00edos. Es una prenda pensada para elevar cualquier look de invierno. De largo cropped y fit oversize, con solapas, cuello sastrero, bolsillos en el frente para mayor comodidad y acceso a trav\u00e9s de dos broches a presi\u00f3n ocultos. Es un tapado pensado para llevar como pieza princial del outfit y para abrigarte en los d\u00edas m\u00e1s fr\u00edos. Importado.<br \/>\n<em>Referencia modelo: Altura 1,76 Talle 2<\/em><\/div>\n<\/div>\n<\/div>\n<div class=\"vtex-flex-layout-0-x-flexColChild vtex-flex-layout-0-x-flexColChild--right-col pb0\">\n<div class=\"vtex-store-components-3-x-specificationsTableContainer mt9 mt0-l pl8-l\">\n<table class=\"vtex-store-components-3-x-specificationsTable w-100 bg-base border-collapse\">\n<tbody class=\"vtex-store-components-3-x-specificationsTableBody\">\n<tr class=\"vtex-store-components-3-x-specificationsTableRow\">\n<td class=\"vtex-store-components-3-x-specificationItemProperty w-50 b--muted-4 bb pa5\" data-specification=\"COMPOSICI\u00d3N\">\n<div>COMPOSICI\u00d3N<\/div>\n<\/td>\n<td class=\"vtex-store-components-3-x-specificationItemSpecifications w-50 b--muted-4 bb pa5\" data-specification=\"100% Poliester\">\n<div>100% Poliester<\/div>\n<\/td>\n<\/tr>\n<\/tbody>\n<\/table>\n<\/div>\n<\/div>\n","protected":false},"excerpt":{"rendered":"<p>El tapado Sylvie est\u00e1 confeccionado en pelo sint\u00e9tico corto ultra soft con print degrad\u00e9 en tonos fr\u00edos. Es una prenda pensada para elevar cualquier look de invierno. De largo cropped&hellip;<\/p>\n","protected":false},"featured_media":110090,"template":"","meta":[],"product_brand":[481],"product_cat":[148],"product_tag":[],"class_list":{"0":"post-110088","1":"product","2":"type-product","3":"status-publish","4":"has-post-thumbnail","6":"product_brand-ginebra","7":"product_cat-sacos-y-camperas","9":"first","10":"instock","11":"shipping-taxable","12":"purchasable","13":"product-type-variable"},"_links":{"self":[{"href":"https:\/\/anacleta.com.ar\/es_es\/wp-json\/wp\/v2\/product\/110088","targetHints":{"allow":["GET"]}}],"collection":[{"href":"https:\/\/anacleta.com.ar\/es_es\/wp-json\/wp\/v2\/product"}],"about":[{"href":"https:\/\/anacleta.com.ar\/es_es\/wp-json\/wp\/v2\/types\/product"}],"wp:featuredmedia":[{"embeddable":true,"href":"https:\/\/anacleta.com.ar\/es_es\/wp-json\/wp\/v2\/media\/110090"}],"wp:attachment":[{"href":"https:\/\/anacleta.com.ar\/es_es\/wp-json\/wp\/v2\/media?parent=110088"}],"wp:term":[{"taxonomy":"product_brand","embeddable":true,"href":"https:\/\/anacleta.com.ar\/es_es\/wp-json\/wp\/v2\/product_brand?post=110088"},{"taxonomy":"product_cat","embeddable":true,"href":"https:\/\/anacleta.com.ar\/es_es\/wp-json\/wp\/v2\/product_cat?post=110088"},{"taxonomy":"product_tag","embeddable":true,"href":"https:\/\/anacleta.com.ar\/es_es\/wp-json\/wp\/v2\/product_tag?post=110088"}],"curies":[{"name":"wp","href":"https:\/\/api.w.org\/{rel}","templated":true}]}}