{"id":110122,"date":"2026-04-23T12:19:13","date_gmt":"2026-04-23T15:19:13","guid":{"rendered":"https:\/\/anacleta.com.ar\/?post_type=product&#038;p=110122"},"modified":"2026-04-23T12:19:13","modified_gmt":"2026-04-23T15:19:13","slug":"blazer-presagio","status":"publish","type":"product","link":"https:\/\/anacleta.com.ar\/es_es\/producto\/blazer-presagio\/","title":{"rendered":"Blazer Presagio"},"content":{"rendered":"","protected":false},"excerpt":{"rendered":"<p>Blazer en creppe sastrero, con cuello, solapa y mangas cl\u00e1sicas. De calce over con hombreras pronunciadas. Bolsillos ojal en el delantero. Su acceso es con cruce simple con bot\u00f3n a tono. En los pu\u00f1os tiene detalle de botones. En frente bajo acabado semi abierto, y en espalda posee lazos para atar y entallar cintura. \u00cdtegramente forrado.<\/p>\n<p><strong>Composici\u00f3n:\u00a0<\/strong>90% Rayon, 10% Poli\u00e9ster. Forrer\u00eda: 100% Acetato.<\/p>\n","protected":false},"featured_media":110125,"template":"","meta":[],"product_brand":[487],"product_cat":[477],"product_tag":[196],"class_list":{"0":"post-110122","1":"product","2":"type-product","3":"status-publish","4":"has-post-thumbnail","6":"product_brand-shibinda","7":"product_cat-blazer","8":"product_tag-shibinda","10":"first","11":"instock","12":"shipping-taxable","13":"purchasable","14":"product-type-variable"},"_links":{"self":[{"href":"https:\/\/anacleta.com.ar\/es_es\/wp-json\/wp\/v2\/product\/110122","targetHints":{"allow":["GET"]}}],"collection":[{"href":"https:\/\/anacleta.com.ar\/es_es\/wp-json\/wp\/v2\/product"}],"about":[{"href":"https:\/\/anacleta.com.ar\/es_es\/wp-json\/wp\/v2\/types\/product"}],"wp:featuredmedia":[{"embeddable":true,"href":"https:\/\/anacleta.com.ar\/es_es\/wp-json\/wp\/v2\/media\/110125"}],"wp:attachment":[{"href":"https:\/\/anacleta.com.ar\/es_es\/wp-json\/wp\/v2\/media?parent=110122"}],"wp:term":[{"taxonomy":"product_brand","embeddable":true,"href":"https:\/\/anacleta.com.ar\/es_es\/wp-json\/wp\/v2\/product_brand?post=110122"},{"taxonomy":"product_cat","embeddable":true,"href":"https:\/\/anacleta.com.ar\/es_es\/wp-json\/wp\/v2\/product_cat?post=110122"},{"taxonomy":"product_tag","embeddable":true,"href":"https:\/\/anacleta.com.ar\/es_es\/wp-json\/wp\/v2\/product_tag?post=110122"}],"curies":[{"name":"wp","href":"https:\/\/api.w.org\/{rel}","templated":true}]}}