{"id":110208,"date":"2026-04-23T18:59:09","date_gmt":"2026-04-23T21:59:09","guid":{"rendered":"https:\/\/anacleta.com.ar\/?post_type=product&#038;p=110208"},"modified":"2026-04-23T18:59:09","modified_gmt":"2026-04-23T21:59:09","slug":"camisa-laupen-2","status":"publish","type":"product","link":"https:\/\/anacleta.com.ar\/es_es\/producto\/camisa-laupen-2\/","title":{"rendered":"Camisa Laupen"},"content":{"rendered":"","protected":false},"excerpt":{"rendered":"<p>Camisa de algod\u00f3n 100% con capucha. Mangas largas con detalle constructivo en pu\u00f1os de tabla encontrada. En espalda posee tabla encontrada para calce de prenda evas\u00e9 (linea A). Cartera de botones oculta. Ideal para combinar con jeans para un look urbano canchero. Tambi\u00e9n pensada para usarse abierta con remeras b\u00e1sicas por debajo.<br \/>\n<em>Referencia modelo: Altura 1,77 Talle 2<\/em><\/p>\n","protected":false},"featured_media":110210,"template":"","meta":[],"product_brand":[481],"product_cat":[184],"product_tag":[111],"class_list":{"0":"post-110208","1":"product","2":"type-product","3":"status-publish","4":"has-post-thumbnail","6":"product_brand-ginebra","7":"product_cat-camisas","8":"product_tag-ginebra","10":"first","11":"instock","12":"shipping-taxable","13":"purchasable","14":"product-type-variable"},"_links":{"self":[{"href":"https:\/\/anacleta.com.ar\/es_es\/wp-json\/wp\/v2\/product\/110208","targetHints":{"allow":["GET"]}}],"collection":[{"href":"https:\/\/anacleta.com.ar\/es_es\/wp-json\/wp\/v2\/product"}],"about":[{"href":"https:\/\/anacleta.com.ar\/es_es\/wp-json\/wp\/v2\/types\/product"}],"wp:featuredmedia":[{"embeddable":true,"href":"https:\/\/anacleta.com.ar\/es_es\/wp-json\/wp\/v2\/media\/110210"}],"wp:attachment":[{"href":"https:\/\/anacleta.com.ar\/es_es\/wp-json\/wp\/v2\/media?parent=110208"}],"wp:term":[{"taxonomy":"product_brand","embeddable":true,"href":"https:\/\/anacleta.com.ar\/es_es\/wp-json\/wp\/v2\/product_brand?post=110208"},{"taxonomy":"product_cat","embeddable":true,"href":"https:\/\/anacleta.com.ar\/es_es\/wp-json\/wp\/v2\/product_cat?post=110208"},{"taxonomy":"product_tag","embeddable":true,"href":"https:\/\/anacleta.com.ar\/es_es\/wp-json\/wp\/v2\/product_tag?post=110208"}],"curies":[{"name":"wp","href":"https:\/\/api.w.org\/{rel}","templated":true}]}}