{"id":110231,"date":"2026-04-23T19:51:28","date_gmt":"2026-04-23T22:51:28","guid":{"rendered":"https:\/\/anacleta.com.ar\/?post_type=product&#038;p=110231"},"modified":"2026-04-23T19:51:28","modified_gmt":"2026-04-23T22:51:28","slug":"remera-mora","status":"publish","type":"product","link":"https:\/\/anacleta.com.ar\/es_es\/producto\/remera-mora\/","title":{"rendered":"Remera Mora"},"content":{"rendered":"","protected":false},"excerpt":{"rendered":"<p>Remera Mora cl\u00e1sica con estampa y bordado en el delantero, confeccionada en algod\u00f3n. Posee tajos en los laterales, lo que le aporta una silueta m\u00e1s suelta. Escote redondo a la base, mangas cortas y logo bordado en la espalda.<\/p>\n<p>Composici\u00f3n: 100% Algod\u00f3n<\/p>\n<p>Referencia modelo Helena: Altura 1,72 Talle: 1<\/p>\n","protected":false},"featured_media":110234,"template":"","meta":[],"product_brand":[480],"product_cat":[129],"product_tag":[112],"class_list":{"0":"post-110231","1":"product","2":"type-product","3":"status-publish","4":"has-post-thumbnail","6":"product_brand-jazmin-chebar","7":"product_cat-remeras","8":"product_tag-jazmin-chebar","10":"first","11":"instock","12":"shipping-taxable","13":"purchasable","14":"product-type-variable"},"_links":{"self":[{"href":"https:\/\/anacleta.com.ar\/es_es\/wp-json\/wp\/v2\/product\/110231","targetHints":{"allow":["GET"]}}],"collection":[{"href":"https:\/\/anacleta.com.ar\/es_es\/wp-json\/wp\/v2\/product"}],"about":[{"href":"https:\/\/anacleta.com.ar\/es_es\/wp-json\/wp\/v2\/types\/product"}],"wp:featuredmedia":[{"embeddable":true,"href":"https:\/\/anacleta.com.ar\/es_es\/wp-json\/wp\/v2\/media\/110234"}],"wp:attachment":[{"href":"https:\/\/anacleta.com.ar\/es_es\/wp-json\/wp\/v2\/media?parent=110231"}],"wp:term":[{"taxonomy":"product_brand","embeddable":true,"href":"https:\/\/anacleta.com.ar\/es_es\/wp-json\/wp\/v2\/product_brand?post=110231"},{"taxonomy":"product_cat","embeddable":true,"href":"https:\/\/anacleta.com.ar\/es_es\/wp-json\/wp\/v2\/product_cat?post=110231"},{"taxonomy":"product_tag","embeddable":true,"href":"https:\/\/anacleta.com.ar\/es_es\/wp-json\/wp\/v2\/product_tag?post=110231"}],"curies":[{"name":"wp","href":"https:\/\/api.w.org\/{rel}","templated":true}]}}