{"id":110242,"date":"2026-04-23T20:01:56","date_gmt":"2026-04-23T23:01:56","guid":{"rendered":"https:\/\/anacleta.com.ar\/?post_type=product&#038;p=110242"},"modified":"2026-04-23T20:01:56","modified_gmt":"2026-04-23T23:01:56","slug":"remera-margarita","status":"publish","type":"product","link":"https:\/\/anacleta.com.ar\/es_es\/producto\/remera-margarita\/","title":{"rendered":"Remera Margarita"},"content":{"rendered":"","protected":false},"excerpt":{"rendered":"<p>Remera Margarita confeccionada en un jersey pesado de excelente ca\u00edda. Presenta una estampa delantera y mangas cortas, destac\u00e1ndose por su cuello redondo tejido en algod\u00f3n que aporta un detalle de dise\u00f1o deportivo.<\/p>\n<p>Composici\u00f3n: 94% Viscosa 6% Elastano<\/p>\n<p>Referencia modelo Mia: Altura 1,75 Talle: 1<\/p>\n","protected":false},"featured_media":110244,"template":"","meta":[],"product_brand":[480],"product_cat":[129],"product_tag":[112],"class_list":{"0":"post-110242","1":"product","2":"type-product","3":"status-publish","4":"has-post-thumbnail","6":"product_brand-jazmin-chebar","7":"product_cat-remeras","8":"product_tag-jazmin-chebar","10":"first","11":"instock","12":"shipping-taxable","13":"purchasable","14":"product-type-variable"},"_links":{"self":[{"href":"https:\/\/anacleta.com.ar\/es_es\/wp-json\/wp\/v2\/product\/110242","targetHints":{"allow":["GET"]}}],"collection":[{"href":"https:\/\/anacleta.com.ar\/es_es\/wp-json\/wp\/v2\/product"}],"about":[{"href":"https:\/\/anacleta.com.ar\/es_es\/wp-json\/wp\/v2\/types\/product"}],"wp:featuredmedia":[{"embeddable":true,"href":"https:\/\/anacleta.com.ar\/es_es\/wp-json\/wp\/v2\/media\/110244"}],"wp:attachment":[{"href":"https:\/\/anacleta.com.ar\/es_es\/wp-json\/wp\/v2\/media?parent=110242"}],"wp:term":[{"taxonomy":"product_brand","embeddable":true,"href":"https:\/\/anacleta.com.ar\/es_es\/wp-json\/wp\/v2\/product_brand?post=110242"},{"taxonomy":"product_cat","embeddable":true,"href":"https:\/\/anacleta.com.ar\/es_es\/wp-json\/wp\/v2\/product_cat?post=110242"},{"taxonomy":"product_tag","embeddable":true,"href":"https:\/\/anacleta.com.ar\/es_es\/wp-json\/wp\/v2\/product_tag?post=110242"}],"curies":[{"name":"wp","href":"https:\/\/api.w.org\/{rel}","templated":true}]}}