{"id":110253,"date":"2026-04-23T20:09:11","date_gmt":"2026-04-23T23:09:11","guid":{"rendered":"https:\/\/anacleta.com.ar\/?post_type=product&#038;p=110253"},"modified":"2026-04-23T20:09:11","modified_gmt":"2026-04-23T23:09:11","slug":"top-maureen-2","status":"publish","type":"product","link":"https:\/\/anacleta.com.ar\/es_es\/producto\/top-maureen-2\/","title":{"rendered":"Top Maureen"},"content":{"rendered":"","protected":false},"excerpt":{"rendered":"<p>Top Maureen de manga larga y cuello redondo, confeccionado en algod\u00f3n. Se destaca por su dise\u00f1o con drapeados laterales que generan pliegues org\u00e1nicos en el frente, aportando textura a la prenda.<\/p>\n<p>Composici\u00f3n: 100% Algod\u00f3n<\/p>\n<p>Referencia modelo Helena: Altura 1,72 Talle: 1<\/p>\n","protected":false},"featured_media":110256,"template":"","meta":[],"product_brand":[480],"product_cat":[181],"product_tag":[112],"class_list":{"0":"post-110253","1":"product","2":"type-product","3":"status-publish","4":"has-post-thumbnail","6":"product_brand-jazmin-chebar","7":"product_cat-tops","8":"product_tag-jazmin-chebar","10":"first","11":"instock","12":"shipping-taxable","13":"purchasable","14":"product-type-variable"},"_links":{"self":[{"href":"https:\/\/anacleta.com.ar\/es_es\/wp-json\/wp\/v2\/product\/110253","targetHints":{"allow":["GET"]}}],"collection":[{"href":"https:\/\/anacleta.com.ar\/es_es\/wp-json\/wp\/v2\/product"}],"about":[{"href":"https:\/\/anacleta.com.ar\/es_es\/wp-json\/wp\/v2\/types\/product"}],"wp:featuredmedia":[{"embeddable":true,"href":"https:\/\/anacleta.com.ar\/es_es\/wp-json\/wp\/v2\/media\/110256"}],"wp:attachment":[{"href":"https:\/\/anacleta.com.ar\/es_es\/wp-json\/wp\/v2\/media?parent=110253"}],"wp:term":[{"taxonomy":"product_brand","embeddable":true,"href":"https:\/\/anacleta.com.ar\/es_es\/wp-json\/wp\/v2\/product_brand?post=110253"},{"taxonomy":"product_cat","embeddable":true,"href":"https:\/\/anacleta.com.ar\/es_es\/wp-json\/wp\/v2\/product_cat?post=110253"},{"taxonomy":"product_tag","embeddable":true,"href":"https:\/\/anacleta.com.ar\/es_es\/wp-json\/wp\/v2\/product_tag?post=110253"}],"curies":[{"name":"wp","href":"https:\/\/api.w.org\/{rel}","templated":true}]}}