{"id":110310,"date":"2026-04-23T20:50:45","date_gmt":"2026-04-23T23:50:45","guid":{"rendered":"https:\/\/anacleta.com.ar\/?post_type=product&#038;p=110310"},"modified":"2026-04-23T20:50:45","modified_gmt":"2026-04-23T23:50:45","slug":"pantalon-billie","status":"publish","type":"product","link":"https:\/\/anacleta.com.ar\/es_es\/producto\/pantalon-billie\/","title":{"rendered":"Pantalon Billie"},"content":{"rendered":"","protected":false},"excerpt":{"rendered":"<p>Pantal\u00f3n Billie confeccionado en g\u00e9nero sastrero. Su dise\u00f1o cuenta con una cintura de el\u00e1stico interno, bolsillos en el delantero y bolsillos ojal en la espalda. Se destaca por una sofisticada cinta lateral de cuero vacuno y pu\u00f1os tejidos en ribb en el ruedo.<\/p>\n<p>Composici\u00f3n: 90% Poliamida 10% Elastano<\/p>\n<p>Referencia modelo Mia: Altura 1,75 Talle: 1<\/p>\n","protected":false},"featured_media":110312,"template":"","meta":[],"product_brand":[480],"product_cat":[134],"product_tag":[112],"class_list":{"0":"post-110310","1":"product","2":"type-product","3":"status-publish","4":"has-post-thumbnail","6":"product_brand-jazmin-chebar","7":"product_cat-pantalones","8":"product_tag-jazmin-chebar","10":"first","11":"instock","12":"shipping-taxable","13":"purchasable","14":"product-type-variable"},"_links":{"self":[{"href":"https:\/\/anacleta.com.ar\/es_es\/wp-json\/wp\/v2\/product\/110310","targetHints":{"allow":["GET"]}}],"collection":[{"href":"https:\/\/anacleta.com.ar\/es_es\/wp-json\/wp\/v2\/product"}],"about":[{"href":"https:\/\/anacleta.com.ar\/es_es\/wp-json\/wp\/v2\/types\/product"}],"wp:featuredmedia":[{"embeddable":true,"href":"https:\/\/anacleta.com.ar\/es_es\/wp-json\/wp\/v2\/media\/110312"}],"wp:attachment":[{"href":"https:\/\/anacleta.com.ar\/es_es\/wp-json\/wp\/v2\/media?parent=110310"}],"wp:term":[{"taxonomy":"product_brand","embeddable":true,"href":"https:\/\/anacleta.com.ar\/es_es\/wp-json\/wp\/v2\/product_brand?post=110310"},{"taxonomy":"product_cat","embeddable":true,"href":"https:\/\/anacleta.com.ar\/es_es\/wp-json\/wp\/v2\/product_cat?post=110310"},{"taxonomy":"product_tag","embeddable":true,"href":"https:\/\/anacleta.com.ar\/es_es\/wp-json\/wp\/v2\/product_tag?post=110310"}],"curies":[{"name":"wp","href":"https:\/\/api.w.org\/{rel}","templated":true}]}}