{"id":110316,"date":"2026-04-23T20:58:53","date_gmt":"2026-04-23T23:58:53","guid":{"rendered":"https:\/\/anacleta.com.ar\/?post_type=product&#038;p=110316"},"modified":"2026-04-23T20:58:53","modified_gmt":"2026-04-23T23:58:53","slug":"pantalon-lenny","status":"publish","type":"product","link":"https:\/\/anacleta.com.ar\/es_es\/producto\/pantalon-lenny\/","title":{"rendered":"Pantalon Lenny"},"content":{"rendered":"","protected":false},"excerpt":{"rendered":"<p>Pantal\u00f3n Lenny realizado en viscosa pesada estampada, que aporta originalidad a la prenda. Presenta cintura elastizada y tiras laterales con vivos de terminaci\u00f3n artesanal. Viene con bolsillos en el delantero y ofrece una ca\u00edda flu\u00edda.<\/p>\n<p>Composici\u00f3n: 100% Viscosa<\/p>\n","protected":false},"featured_media":110317,"template":"","meta":[],"product_brand":[480],"product_cat":[134],"product_tag":[112],"class_list":{"0":"post-110316","1":"product","2":"type-product","3":"status-publish","4":"has-post-thumbnail","6":"product_brand-jazmin-chebar","7":"product_cat-pantalones","8":"product_tag-jazmin-chebar","10":"first","11":"instock","12":"shipping-taxable","13":"purchasable","14":"product-type-variable"},"_links":{"self":[{"href":"https:\/\/anacleta.com.ar\/es_es\/wp-json\/wp\/v2\/product\/110316","targetHints":{"allow":["GET"]}}],"collection":[{"href":"https:\/\/anacleta.com.ar\/es_es\/wp-json\/wp\/v2\/product"}],"about":[{"href":"https:\/\/anacleta.com.ar\/es_es\/wp-json\/wp\/v2\/types\/product"}],"wp:featuredmedia":[{"embeddable":true,"href":"https:\/\/anacleta.com.ar\/es_es\/wp-json\/wp\/v2\/media\/110317"}],"wp:attachment":[{"href":"https:\/\/anacleta.com.ar\/es_es\/wp-json\/wp\/v2\/media?parent=110316"}],"wp:term":[{"taxonomy":"product_brand","embeddable":true,"href":"https:\/\/anacleta.com.ar\/es_es\/wp-json\/wp\/v2\/product_brand?post=110316"},{"taxonomy":"product_cat","embeddable":true,"href":"https:\/\/anacleta.com.ar\/es_es\/wp-json\/wp\/v2\/product_cat?post=110316"},{"taxonomy":"product_tag","embeddable":true,"href":"https:\/\/anacleta.com.ar\/es_es\/wp-json\/wp\/v2\/product_tag?post=110316"}],"curies":[{"name":"wp","href":"https:\/\/api.w.org\/{rel}","templated":true}]}}