{"id":110347,"date":"2026-04-24T10:57:38","date_gmt":"2026-04-24T13:57:38","guid":{"rendered":"https:\/\/anacleta.com.ar\/?post_type=product&#038;p=110347"},"modified":"2026-04-24T10:58:27","modified_gmt":"2026-04-24T13:58:27","slug":"jeans-tom","status":"publish","type":"product","link":"https:\/\/anacleta.com.ar\/es_es\/producto\/jeans-tom\/","title":{"rendered":"Jeans Tom"},"content":{"rendered":"","protected":false},"excerpt":{"rendered":"<p>Jeans Tom de silueta oxford confeccionados en un tejido negro pleno sin procesos de desgaste, logrando una est\u00e9tica pulida y sofisticada. Su textil s\u00faper elastizado garantiza un calce impecable y confort durante todo el d\u00eda. Incluye un cintur\u00f3n al tono realizado en la misma tela con una hebilla met\u00e1lica que define la cintura.<\/p>\n<p>Composici\u00f3n: 94,5% Algod\u00f3n 4,8% Poli\u00e9ster 0,7% Elastano<\/p>\n<p>Referencia modelo Florencia: Altura 1,74 Talle: 1<\/p>\n","protected":false},"featured_media":110351,"template":"","meta":[],"product_brand":[480],"product_cat":[126,134],"product_tag":[112],"class_list":{"0":"post-110347","1":"product","2":"type-product","3":"status-publish","4":"has-post-thumbnail","6":"product_brand-jazmin-chebar","7":"product_cat-denim","8":"product_cat-pantalones","9":"product_tag-jazmin-chebar","11":"first","12":"instock","13":"shipping-taxable","14":"purchasable","15":"product-type-variable"},"_links":{"self":[{"href":"https:\/\/anacleta.com.ar\/es_es\/wp-json\/wp\/v2\/product\/110347","targetHints":{"allow":["GET"]}}],"collection":[{"href":"https:\/\/anacleta.com.ar\/es_es\/wp-json\/wp\/v2\/product"}],"about":[{"href":"https:\/\/anacleta.com.ar\/es_es\/wp-json\/wp\/v2\/types\/product"}],"wp:featuredmedia":[{"embeddable":true,"href":"https:\/\/anacleta.com.ar\/es_es\/wp-json\/wp\/v2\/media\/110351"}],"wp:attachment":[{"href":"https:\/\/anacleta.com.ar\/es_es\/wp-json\/wp\/v2\/media?parent=110347"}],"wp:term":[{"taxonomy":"product_brand","embeddable":true,"href":"https:\/\/anacleta.com.ar\/es_es\/wp-json\/wp\/v2\/product_brand?post=110347"},{"taxonomy":"product_cat","embeddable":true,"href":"https:\/\/anacleta.com.ar\/es_es\/wp-json\/wp\/v2\/product_cat?post=110347"},{"taxonomy":"product_tag","embeddable":true,"href":"https:\/\/anacleta.com.ar\/es_es\/wp-json\/wp\/v2\/product_tag?post=110347"}],"curies":[{"name":"wp","href":"https:\/\/api.w.org\/{rel}","templated":true}]}}