{"id":110356,"date":"2026-04-24T11:03:00","date_gmt":"2026-04-24T14:03:00","guid":{"rendered":"https:\/\/anacleta.com.ar\/?post_type=product&#038;p=110356"},"modified":"2026-04-24T11:03:00","modified_gmt":"2026-04-24T14:03:00","slug":"jeans-roses-blue","status":"publish","type":"product","link":"https:\/\/anacleta.com.ar\/es_es\/producto\/jeans-roses-blue\/","title":{"rendered":"Jeans Roses Blue"},"content":{"rendered":"","protected":false},"excerpt":{"rendered":"<p>Jeans Roses Blue de tiro medio y largo hasta el piso, su fit es wide leg. El calce es relajado y c\u00f3modo, ideal para usar todos los d\u00edas.El tejido tiene muy poca lycra, lo que aporta apenas elasticidad sin perder estructura.El lavado es medio, un cl\u00e1sico atemporal que combina f\u00e1cilmente con cualquier look.Las medidas est\u00e1n alineadas a los talles correspondientes para un calce fiel.<\/p>\n<p>Composici\u00f3n: 99% Algod\u00f3n 1% Elastano.<\/p>\n<p>Referencia modelo Florencia: Altura 1,74 Talle: 1<\/p>\n","protected":false},"featured_media":110361,"template":"","meta":[],"product_brand":[480],"product_cat":[126,134],"product_tag":[112],"class_list":{"0":"post-110356","1":"product","2":"type-product","3":"status-publish","4":"has-post-thumbnail","6":"product_brand-jazmin-chebar","7":"product_cat-denim","8":"product_cat-pantalones","9":"product_tag-jazmin-chebar","11":"first","12":"instock","13":"shipping-taxable","14":"purchasable","15":"product-type-variable"},"_links":{"self":[{"href":"https:\/\/anacleta.com.ar\/es_es\/wp-json\/wp\/v2\/product\/110356","targetHints":{"allow":["GET"]}}],"collection":[{"href":"https:\/\/anacleta.com.ar\/es_es\/wp-json\/wp\/v2\/product"}],"about":[{"href":"https:\/\/anacleta.com.ar\/es_es\/wp-json\/wp\/v2\/types\/product"}],"wp:featuredmedia":[{"embeddable":true,"href":"https:\/\/anacleta.com.ar\/es_es\/wp-json\/wp\/v2\/media\/110361"}],"wp:attachment":[{"href":"https:\/\/anacleta.com.ar\/es_es\/wp-json\/wp\/v2\/media?parent=110356"}],"wp:term":[{"taxonomy":"product_brand","embeddable":true,"href":"https:\/\/anacleta.com.ar\/es_es\/wp-json\/wp\/v2\/product_brand?post=110356"},{"taxonomy":"product_cat","embeddable":true,"href":"https:\/\/anacleta.com.ar\/es_es\/wp-json\/wp\/v2\/product_cat?post=110356"},{"taxonomy":"product_tag","embeddable":true,"href":"https:\/\/anacleta.com.ar\/es_es\/wp-json\/wp\/v2\/product_tag?post=110356"}],"curies":[{"name":"wp","href":"https:\/\/api.w.org\/{rel}","templated":true}]}}