{"id":110365,"date":"2026-04-24T11:06:51","date_gmt":"2026-04-24T14:06:51","guid":{"rendered":"https:\/\/anacleta.com.ar\/?post_type=product&#038;p=110365"},"modified":"2026-04-24T11:06:51","modified_gmt":"2026-04-24T14:06:51","slug":"jeans-mary-soil","status":"publish","type":"product","link":"https:\/\/anacleta.com.ar\/es_es\/producto\/jeans-mary-soil\/","title":{"rendered":"Jeans Mary Soil"},"content":{"rendered":"","protected":false},"excerpt":{"rendered":"<p>Jeans Mary Soil de silueta wide y tiro ca\u00eddo, dise\u00f1ado para calzar relajado sobre la primera cadera. Est\u00e1 confeccionado en un denim liviano con un lavado \u00abdirty\u00bb de matices amarronados.<\/p>\n<p>Composici\u00f3n: 100% Algod\u00f3n<\/p>\n<p>Referencia modelo Florencia: Altura 1,74 Talle: 1<\/p>\n","protected":false},"featured_media":110368,"template":"","meta":[],"product_brand":[480],"product_cat":[126,134],"product_tag":[112],"class_list":{"0":"post-110365","1":"product","2":"type-product","3":"status-publish","4":"has-post-thumbnail","6":"product_brand-jazmin-chebar","7":"product_cat-denim","8":"product_cat-pantalones","9":"product_tag-jazmin-chebar","11":"first","12":"instock","13":"shipping-taxable","14":"purchasable","15":"product-type-variable"},"_links":{"self":[{"href":"https:\/\/anacleta.com.ar\/es_es\/wp-json\/wp\/v2\/product\/110365","targetHints":{"allow":["GET"]}}],"collection":[{"href":"https:\/\/anacleta.com.ar\/es_es\/wp-json\/wp\/v2\/product"}],"about":[{"href":"https:\/\/anacleta.com.ar\/es_es\/wp-json\/wp\/v2\/types\/product"}],"wp:featuredmedia":[{"embeddable":true,"href":"https:\/\/anacleta.com.ar\/es_es\/wp-json\/wp\/v2\/media\/110368"}],"wp:attachment":[{"href":"https:\/\/anacleta.com.ar\/es_es\/wp-json\/wp\/v2\/media?parent=110365"}],"wp:term":[{"taxonomy":"product_brand","embeddable":true,"href":"https:\/\/anacleta.com.ar\/es_es\/wp-json\/wp\/v2\/product_brand?post=110365"},{"taxonomy":"product_cat","embeddable":true,"href":"https:\/\/anacleta.com.ar\/es_es\/wp-json\/wp\/v2\/product_cat?post=110365"},{"taxonomy":"product_tag","embeddable":true,"href":"https:\/\/anacleta.com.ar\/es_es\/wp-json\/wp\/v2\/product_tag?post=110365"}],"curies":[{"name":"wp","href":"https:\/\/api.w.org\/{rel}","templated":true}]}}