{"id":110387,"date":"2026-04-24T11:18:16","date_gmt":"2026-04-24T14:18:16","guid":{"rendered":"https:\/\/anacleta.com.ar\/?post_type=product&#038;p=110387"},"modified":"2026-04-24T11:18:16","modified_gmt":"2026-04-24T14:18:16","slug":"camisa-lenny","status":"publish","type":"product","link":"https:\/\/anacleta.com.ar\/es_es\/producto\/camisa-lenny\/","title":{"rendered":"Camisa Lenny"},"content":{"rendered":"","protected":false},"excerpt":{"rendered":"<p>Camisa Lenny confeccionada en viscosa pesada, dise\u00f1ada con una silueta de hombros ca\u00eddos y mangas abullonadas hacia el pu\u00f1o. Su original estructura incorpora cuello, pu\u00f1os y ruedo tejidos en ribb.<\/p>\n<p>Composici\u00f3n: 100% Viscosa.<\/p>\n<p>Referencia modelo Florencia: Altura 1,74 Talle: 1<\/p>\n","protected":false},"featured_media":110389,"template":"","meta":[],"product_brand":[480],"product_cat":[184],"product_tag":[112],"class_list":{"0":"post-110387","1":"product","2":"type-product","3":"status-publish","4":"has-post-thumbnail","6":"product_brand-jazmin-chebar","7":"product_cat-camisas","8":"product_tag-jazmin-chebar","10":"first","11":"instock","12":"shipping-taxable","13":"purchasable","14":"product-type-variable"},"_links":{"self":[{"href":"https:\/\/anacleta.com.ar\/es_es\/wp-json\/wp\/v2\/product\/110387","targetHints":{"allow":["GET"]}}],"collection":[{"href":"https:\/\/anacleta.com.ar\/es_es\/wp-json\/wp\/v2\/product"}],"about":[{"href":"https:\/\/anacleta.com.ar\/es_es\/wp-json\/wp\/v2\/types\/product"}],"wp:featuredmedia":[{"embeddable":true,"href":"https:\/\/anacleta.com.ar\/es_es\/wp-json\/wp\/v2\/media\/110389"}],"wp:attachment":[{"href":"https:\/\/anacleta.com.ar\/es_es\/wp-json\/wp\/v2\/media?parent=110387"}],"wp:term":[{"taxonomy":"product_brand","embeddable":true,"href":"https:\/\/anacleta.com.ar\/es_es\/wp-json\/wp\/v2\/product_brand?post=110387"},{"taxonomy":"product_cat","embeddable":true,"href":"https:\/\/anacleta.com.ar\/es_es\/wp-json\/wp\/v2\/product_cat?post=110387"},{"taxonomy":"product_tag","embeddable":true,"href":"https:\/\/anacleta.com.ar\/es_es\/wp-json\/wp\/v2\/product_tag?post=110387"}],"curies":[{"name":"wp","href":"https:\/\/api.w.org\/{rel}","templated":true}]}}