{"id":110398,"date":"2026-04-24T11:24:39","date_gmt":"2026-04-24T14:24:39","guid":{"rendered":"https:\/\/anacleta.com.ar\/?post_type=product&#038;p=110398"},"modified":"2026-04-24T11:24:39","modified_gmt":"2026-04-24T14:24:39","slug":"pollera-dragones","status":"publish","type":"product","link":"https:\/\/anacleta.com.ar\/es_es\/producto\/pollera-dragones\/","title":{"rendered":"Pollera Dragones"},"content":{"rendered":"","protected":false},"excerpt":{"rendered":"<p>Pollera Dragones midi, amplia confeccionada en gabardina con estampado de dragones, exclusivo de esta etapa de la colecci\u00f3n. Lleva cinco bolsillos cl\u00e1sicos de inspiraci\u00f3n jeanera. Incluye bragueta con cierre y broche soft touch al tono en la cintura.<\/p>\n<p>Composici\u00f3n: 100% Algod\u00f3n<\/p>\n<p>Referencia modelo Helena: Altura 1,72 Talle: 1<\/p>\n","protected":false},"featured_media":110400,"template":"","meta":[],"product_brand":[480],"product_cat":[130],"product_tag":[112],"class_list":{"0":"post-110398","1":"product","2":"type-product","3":"status-publish","4":"has-post-thumbnail","6":"product_brand-jazmin-chebar","7":"product_cat-vestidos-y-faldas","8":"product_tag-jazmin-chebar","10":"first","11":"instock","12":"shipping-taxable","13":"purchasable","14":"product-type-variable"},"_links":{"self":[{"href":"https:\/\/anacleta.com.ar\/es_es\/wp-json\/wp\/v2\/product\/110398","targetHints":{"allow":["GET"]}}],"collection":[{"href":"https:\/\/anacleta.com.ar\/es_es\/wp-json\/wp\/v2\/product"}],"about":[{"href":"https:\/\/anacleta.com.ar\/es_es\/wp-json\/wp\/v2\/types\/product"}],"wp:featuredmedia":[{"embeddable":true,"href":"https:\/\/anacleta.com.ar\/es_es\/wp-json\/wp\/v2\/media\/110400"}],"wp:attachment":[{"href":"https:\/\/anacleta.com.ar\/es_es\/wp-json\/wp\/v2\/media?parent=110398"}],"wp:term":[{"taxonomy":"product_brand","embeddable":true,"href":"https:\/\/anacleta.com.ar\/es_es\/wp-json\/wp\/v2\/product_brand?post=110398"},{"taxonomy":"product_cat","embeddable":true,"href":"https:\/\/anacleta.com.ar\/es_es\/wp-json\/wp\/v2\/product_cat?post=110398"},{"taxonomy":"product_tag","embeddable":true,"href":"https:\/\/anacleta.com.ar\/es_es\/wp-json\/wp\/v2\/product_tag?post=110398"}],"curies":[{"name":"wp","href":"https:\/\/api.w.org\/{rel}","templated":true}]}}