{"id":110426,"date":"2026-04-24T12:17:03","date_gmt":"2026-04-24T15:17:03","guid":{"rendered":"https:\/\/anacleta.com.ar\/?post_type=product&#038;p=110426"},"modified":"2026-04-24T12:17:03","modified_gmt":"2026-04-24T15:17:03","slug":"campera-bloom","status":"publish","type":"product","link":"https:\/\/anacleta.com.ar\/es_es\/producto\/campera-bloom\/","title":{"rendered":"Campera Bloom"},"content":{"rendered":"","protected":false},"excerpt":{"rendered":"<p>Campera Bloom estilo bomber confeccionada en una confortable combinaci\u00f3n de tejidos, ideal para los d\u00edas fr\u00edos gracias a su interior de corderito. Viene con capucha integrada y el cl\u00e1sico bolsillo canguro.<\/p>\n<p>Composici\u00f3n: 100% Algod\u00f3n<\/p>\n<p>Referencia modelo Mia: Altura 1,75 Talle: 1<\/p>\n","protected":false},"featured_media":110429,"template":"","meta":[],"product_brand":[480],"product_cat":[148],"product_tag":[112],"class_list":{"0":"post-110426","1":"product","2":"type-product","3":"status-publish","4":"has-post-thumbnail","6":"product_brand-jazmin-chebar","7":"product_cat-sacos-y-camperas","8":"product_tag-jazmin-chebar","10":"first","11":"instock","12":"shipping-taxable","13":"purchasable","14":"product-type-variable"},"_links":{"self":[{"href":"https:\/\/anacleta.com.ar\/es_es\/wp-json\/wp\/v2\/product\/110426","targetHints":{"allow":["GET"]}}],"collection":[{"href":"https:\/\/anacleta.com.ar\/es_es\/wp-json\/wp\/v2\/product"}],"about":[{"href":"https:\/\/anacleta.com.ar\/es_es\/wp-json\/wp\/v2\/types\/product"}],"wp:featuredmedia":[{"embeddable":true,"href":"https:\/\/anacleta.com.ar\/es_es\/wp-json\/wp\/v2\/media\/110429"}],"wp:attachment":[{"href":"https:\/\/anacleta.com.ar\/es_es\/wp-json\/wp\/v2\/media?parent=110426"}],"wp:term":[{"taxonomy":"product_brand","embeddable":true,"href":"https:\/\/anacleta.com.ar\/es_es\/wp-json\/wp\/v2\/product_brand?post=110426"},{"taxonomy":"product_cat","embeddable":true,"href":"https:\/\/anacleta.com.ar\/es_es\/wp-json\/wp\/v2\/product_cat?post=110426"},{"taxonomy":"product_tag","embeddable":true,"href":"https:\/\/anacleta.com.ar\/es_es\/wp-json\/wp\/v2\/product_tag?post=110426"}],"curies":[{"name":"wp","href":"https:\/\/api.w.org\/{rel}","templated":true}]}}