{"id":110451,"date":"2026-04-24T12:37:39","date_gmt":"2026-04-24T15:37:39","guid":{"rendered":"https:\/\/anacleta.com.ar\/?post_type=product&#038;p=110451"},"modified":"2026-04-24T12:37:39","modified_gmt":"2026-04-24T15:37:39","slug":"sweater-kers-2","status":"publish","type":"product","link":"https:\/\/anacleta.com.ar\/es_es\/producto\/sweater-kers-2\/","title":{"rendered":"Sweater Kers"},"content":{"rendered":"","protected":false},"excerpt":{"rendered":"<p>Sweater Kers de cuello media polera y mangas largas, confeccionado en un tejido liviano y suave que combina lana y ray\u00f3n para una ca\u00edda impecable. Se destaca por su trama con relieve en el mismo tono, aportando textura a la prenda.<\/p>\n<p>Composici\u00f3n: 35% Ray\u00f3n 24% Poliamida 19% Poli\u00e9ster 14% Lana 8% Acr\u00edlico.<\/p>\n<p>Referencia modelo Mia: Altura 1,75 Talle: 1<\/p>\n","protected":false},"featured_media":110454,"template":"","meta":[],"product_brand":[480],"product_cat":[146],"product_tag":[112],"class_list":{"0":"post-110451","1":"product","2":"type-product","3":"status-publish","4":"has-post-thumbnail","6":"product_brand-jazmin-chebar","7":"product_cat-sweaters","8":"product_tag-jazmin-chebar","10":"first","11":"instock","12":"shipping-taxable","13":"purchasable","14":"product-type-variable"},"_links":{"self":[{"href":"https:\/\/anacleta.com.ar\/es_es\/wp-json\/wp\/v2\/product\/110451","targetHints":{"allow":["GET"]}}],"collection":[{"href":"https:\/\/anacleta.com.ar\/es_es\/wp-json\/wp\/v2\/product"}],"about":[{"href":"https:\/\/anacleta.com.ar\/es_es\/wp-json\/wp\/v2\/types\/product"}],"wp:featuredmedia":[{"embeddable":true,"href":"https:\/\/anacleta.com.ar\/es_es\/wp-json\/wp\/v2\/media\/110454"}],"wp:attachment":[{"href":"https:\/\/anacleta.com.ar\/es_es\/wp-json\/wp\/v2\/media?parent=110451"}],"wp:term":[{"taxonomy":"product_brand","embeddable":true,"href":"https:\/\/anacleta.com.ar\/es_es\/wp-json\/wp\/v2\/product_brand?post=110451"},{"taxonomy":"product_cat","embeddable":true,"href":"https:\/\/anacleta.com.ar\/es_es\/wp-json\/wp\/v2\/product_cat?post=110451"},{"taxonomy":"product_tag","embeddable":true,"href":"https:\/\/anacleta.com.ar\/es_es\/wp-json\/wp\/v2\/product_tag?post=110451"}],"curies":[{"name":"wp","href":"https:\/\/api.w.org\/{rel}","templated":true}]}}