{"id":110475,"date":"2026-04-24T12:56:26","date_gmt":"2026-04-24T15:56:26","guid":{"rendered":"https:\/\/anacleta.com.ar\/?post_type=product&#038;p=110475"},"modified":"2026-04-24T12:56:26","modified_gmt":"2026-04-24T15:56:26","slug":"cartera-lucky","status":"publish","type":"product","link":"https:\/\/anacleta.com.ar\/es_es\/producto\/cartera-lucky\/","title":{"rendered":"Cartera Lucky"},"content":{"rendered":"","protected":false},"excerpt":{"rendered":"<p>Cartera Lucky confeccionada en cuero descarne vacuno con gofrado JCH en la tapa delantera. Lleva manija del mismo material y charm Lady Bag colgante en el tag. De estructura firme y tama\u00f1o funcional.<\/p>\n<p>Composici\u00f3n: Cuerpo: 100% Cuero descarne vacuno Forrer\u00eda: 100% Poli\u00e9ster Correa: 100% Cuero descarne vacuno<\/p>\n<p>Medidas: Alto 13 cm x Ancho 28,5 cm x Profundidad 8 cm<\/p>\n","protected":false},"featured_media":110476,"template":"","meta":[],"product_brand":[480],"product_cat":[128],"product_tag":[112],"class_list":{"0":"post-110475","1":"product","2":"type-product","3":"status-publish","4":"has-post-thumbnail","6":"product_brand-jazmin-chebar","7":"product_cat-accesorios","8":"product_tag-jazmin-chebar","10":"first","11":"instock","12":"shipping-taxable","13":"purchasable","14":"product-type-simple"},"_links":{"self":[{"href":"https:\/\/anacleta.com.ar\/es_es\/wp-json\/wp\/v2\/product\/110475","targetHints":{"allow":["GET"]}}],"collection":[{"href":"https:\/\/anacleta.com.ar\/es_es\/wp-json\/wp\/v2\/product"}],"about":[{"href":"https:\/\/anacleta.com.ar\/es_es\/wp-json\/wp\/v2\/types\/product"}],"wp:featuredmedia":[{"embeddable":true,"href":"https:\/\/anacleta.com.ar\/es_es\/wp-json\/wp\/v2\/media\/110476"}],"wp:attachment":[{"href":"https:\/\/anacleta.com.ar\/es_es\/wp-json\/wp\/v2\/media?parent=110475"}],"wp:term":[{"taxonomy":"product_brand","embeddable":true,"href":"https:\/\/anacleta.com.ar\/es_es\/wp-json\/wp\/v2\/product_brand?post=110475"},{"taxonomy":"product_cat","embeddable":true,"href":"https:\/\/anacleta.com.ar\/es_es\/wp-json\/wp\/v2\/product_cat?post=110475"},{"taxonomy":"product_tag","embeddable":true,"href":"https:\/\/anacleta.com.ar\/es_es\/wp-json\/wp\/v2\/product_tag?post=110475"}],"curies":[{"name":"wp","href":"https:\/\/api.w.org\/{rel}","templated":true}]}}