{"id":110495,"date":"2026-04-24T18:20:14","date_gmt":"2026-04-24T21:20:14","guid":{"rendered":"https:\/\/anacleta.com.ar\/?post_type=product&#038;p=110495"},"modified":"2026-04-24T18:20:14","modified_gmt":"2026-04-24T21:20:14","slug":"baulito-lucky","status":"publish","type":"product","link":"https:\/\/anacleta.com.ar\/es_es\/producto\/baulito-lucky\/","title":{"rendered":"Baulito Lucky"},"content":{"rendered":"","protected":false},"excerpt":{"rendered":"<p>Baulito Lucky realizado en cuero descarne vacuno con gofrado JCH en la tapa delantera. Incluye correa larga desmontable y regulable que permite llevarlo al hombro o cruzado. Lleva charm Lady Bag en el tag. Es compacto y vers\u00e1til.<\/p>\n<p>Composici\u00f3n: Cuerpo: 100% Cuero descarne vacuno Forrer\u00eda: 100% Poli\u00e9ster Correa: 100% Cuero descarne vacuno<\/p>\n<p>Medidas: Alto 11 cm x Ancho 23 cm x Profundidad 8 cm<\/p>\n","protected":false},"featured_media":110496,"template":"","meta":[],"product_brand":[480],"product_cat":[128],"product_tag":[112],"class_list":{"0":"post-110495","1":"product","2":"type-product","3":"status-publish","4":"has-post-thumbnail","6":"product_brand-jazmin-chebar","7":"product_cat-accesorios","8":"product_tag-jazmin-chebar","10":"first","11":"instock","12":"shipping-taxable","13":"purchasable","14":"product-type-simple"},"_links":{"self":[{"href":"https:\/\/anacleta.com.ar\/es_es\/wp-json\/wp\/v2\/product\/110495","targetHints":{"allow":["GET"]}}],"collection":[{"href":"https:\/\/anacleta.com.ar\/es_es\/wp-json\/wp\/v2\/product"}],"about":[{"href":"https:\/\/anacleta.com.ar\/es_es\/wp-json\/wp\/v2\/types\/product"}],"wp:featuredmedia":[{"embeddable":true,"href":"https:\/\/anacleta.com.ar\/es_es\/wp-json\/wp\/v2\/media\/110496"}],"wp:attachment":[{"href":"https:\/\/anacleta.com.ar\/es_es\/wp-json\/wp\/v2\/media?parent=110495"}],"wp:term":[{"taxonomy":"product_brand","embeddable":true,"href":"https:\/\/anacleta.com.ar\/es_es\/wp-json\/wp\/v2\/product_brand?post=110495"},{"taxonomy":"product_cat","embeddable":true,"href":"https:\/\/anacleta.com.ar\/es_es\/wp-json\/wp\/v2\/product_cat?post=110495"},{"taxonomy":"product_tag","embeddable":true,"href":"https:\/\/anacleta.com.ar\/es_es\/wp-json\/wp\/v2\/product_tag?post=110495"}],"curies":[{"name":"wp","href":"https:\/\/api.w.org\/{rel}","templated":true}]}}