{"id":110501,"date":"2026-04-24T18:24:10","date_gmt":"2026-04-24T21:24:10","guid":{"rendered":"https:\/\/anacleta.com.ar\/?post_type=product&#038;p=110501"},"modified":"2026-04-24T18:24:10","modified_gmt":"2026-04-24T21:24:10","slug":"mini-bag-future","status":"publish","type":"product","link":"https:\/\/anacleta.com.ar\/es_es\/producto\/mini-bag-future\/","title":{"rendered":"Mini Bag Future"},"content":{"rendered":"","protected":false},"excerpt":{"rendered":"<p>Mini bag Future confeccionada en nylon con detalles en cuero vacuno a tono. Cuenta con compartimento principal con cierre y correa regulable en cuero que permite llevarla cruzada o al hombro. Se completa con aplique met\u00e1lico JCH en el frente.<br \/>\nComposici\u00f3n: Cuerpo: 80% Poli\u00e9ster 20% Cuero vacuno Forrer\u00eda: 100% Poli\u00e9ster Correa: 100% Cuero vacuno<\/p>\n<p>Medidas: Alto 13 cm x Ancho 20 cm<\/p>\n","protected":false},"featured_media":110502,"template":"","meta":[],"product_brand":[480],"product_cat":[128],"product_tag":[112],"class_list":{"0":"post-110501","1":"product","2":"type-product","3":"status-publish","4":"has-post-thumbnail","6":"product_brand-jazmin-chebar","7":"product_cat-accesorios","8":"product_tag-jazmin-chebar","10":"first","11":"instock","12":"shipping-taxable","13":"purchasable","14":"product-type-simple"},"_links":{"self":[{"href":"https:\/\/anacleta.com.ar\/es_es\/wp-json\/wp\/v2\/product\/110501","targetHints":{"allow":["GET"]}}],"collection":[{"href":"https:\/\/anacleta.com.ar\/es_es\/wp-json\/wp\/v2\/product"}],"about":[{"href":"https:\/\/anacleta.com.ar\/es_es\/wp-json\/wp\/v2\/types\/product"}],"wp:featuredmedia":[{"embeddable":true,"href":"https:\/\/anacleta.com.ar\/es_es\/wp-json\/wp\/v2\/media\/110502"}],"wp:attachment":[{"href":"https:\/\/anacleta.com.ar\/es_es\/wp-json\/wp\/v2\/media?parent=110501"}],"wp:term":[{"taxonomy":"product_brand","embeddable":true,"href":"https:\/\/anacleta.com.ar\/es_es\/wp-json\/wp\/v2\/product_brand?post=110501"},{"taxonomy":"product_cat","embeddable":true,"href":"https:\/\/anacleta.com.ar\/es_es\/wp-json\/wp\/v2\/product_cat?post=110501"},{"taxonomy":"product_tag","embeddable":true,"href":"https:\/\/anacleta.com.ar\/es_es\/wp-json\/wp\/v2\/product_tag?post=110501"}],"curies":[{"name":"wp","href":"https:\/\/api.w.org\/{rel}","templated":true}]}}