{"id":110507,"date":"2026-04-24T18:27:05","date_gmt":"2026-04-24T21:27:05","guid":{"rendered":"https:\/\/anacleta.com.ar\/?post_type=product&#038;p=110507"},"modified":"2026-04-24T18:27:05","modified_gmt":"2026-04-24T21:27:05","slug":"bandolera-moon-wild","status":"publish","type":"product","link":"https:\/\/anacleta.com.ar\/es_es\/producto\/bandolera-moon-wild\/","title":{"rendered":"Bandolera Moon Wild"},"content":{"rendered":"","protected":false},"excerpt":{"rendered":"<p>Bandolera Moon Wild realizada en pelo con una combinaci\u00f3n de cuero vacuno flor. Se destaca por el detalle de una cadena met\u00e1lica en el frente y un aplique JCH de dise\u00f1o. En su interior, cuenta con un bolsillo plaqu\u00e9.<\/p>\n<p>Composici\u00f3n: Cuerpo: 80% Pelo vacuno, 20% Cuero vacuno flor. Forrer\u00eda: 100% Poli\u00e9ster. Correa: 100% Cuero vacuno flor.<\/p>\n<p>Medidas: Alto 13 cm x Ancho 23 cm x Profundidad 10 cm.<\/p>\n","protected":false},"featured_media":110508,"template":"","meta":[],"product_brand":[480],"product_cat":[128],"product_tag":[112],"class_list":{"0":"post-110507","1":"product","2":"type-product","3":"status-publish","4":"has-post-thumbnail","6":"product_brand-jazmin-chebar","7":"product_cat-accesorios","8":"product_tag-jazmin-chebar","10":"first","11":"instock","12":"shipping-taxable","13":"purchasable","14":"product-type-simple"},"_links":{"self":[{"href":"https:\/\/anacleta.com.ar\/es_es\/wp-json\/wp\/v2\/product\/110507","targetHints":{"allow":["GET"]}}],"collection":[{"href":"https:\/\/anacleta.com.ar\/es_es\/wp-json\/wp\/v2\/product"}],"about":[{"href":"https:\/\/anacleta.com.ar\/es_es\/wp-json\/wp\/v2\/types\/product"}],"wp:featuredmedia":[{"embeddable":true,"href":"https:\/\/anacleta.com.ar\/es_es\/wp-json\/wp\/v2\/media\/110508"}],"wp:attachment":[{"href":"https:\/\/anacleta.com.ar\/es_es\/wp-json\/wp\/v2\/media?parent=110507"}],"wp:term":[{"taxonomy":"product_brand","embeddable":true,"href":"https:\/\/anacleta.com.ar\/es_es\/wp-json\/wp\/v2\/product_brand?post=110507"},{"taxonomy":"product_cat","embeddable":true,"href":"https:\/\/anacleta.com.ar\/es_es\/wp-json\/wp\/v2\/product_cat?post=110507"},{"taxonomy":"product_tag","embeddable":true,"href":"https:\/\/anacleta.com.ar\/es_es\/wp-json\/wp\/v2\/product_tag?post=110507"}],"curies":[{"name":"wp","href":"https:\/\/api.w.org\/{rel}","templated":true}]}}