{"id":110524,"date":"2026-04-25T11:10:08","date_gmt":"2026-04-25T14:10:08","guid":{"rendered":"https:\/\/anacleta.com.ar\/?post_type=product&#038;p=110524"},"modified":"2026-04-25T11:10:08","modified_gmt":"2026-04-25T14:10:08","slug":"falda-patagonia","status":"publish","type":"product","link":"https:\/\/anacleta.com.ar\/es_es\/producto\/falda-patagonia\/","title":{"rendered":"Falda Patagonia"},"content":{"rendered":"","protected":false},"excerpt":{"rendered":"<p>Esta falda realza la belleza del paisaje estampado con una ca\u00edda amplia y fluida que acompa\u00f1a el movimiento con naturalidad. Su dise\u00f1o incorpora una abertura frontal que estiliza la silueta y aporta un aire contempor\u00e1neo, mientras que las tablas en la cintura construyen una estructura arm\u00f3nica y favorecedora.<\/p>\n","protected":false},"featured_media":110529,"template":"","meta":[],"product_brand":[485],"product_cat":[125,130],"product_tag":[114],"class_list":{"0":"post-110524","1":"product","2":"type-product","3":"status-publish","4":"has-post-thumbnail","6":"product_brand-natalia-antolin","7":"product_cat-fiesta","8":"product_cat-vestidos-y-faldas","9":"product_tag-natalia-antolin","11":"first","12":"instock","13":"shipping-taxable","14":"purchasable","15":"product-type-variable"},"_links":{"self":[{"href":"https:\/\/anacleta.com.ar\/es_es\/wp-json\/wp\/v2\/product\/110524","targetHints":{"allow":["GET"]}}],"collection":[{"href":"https:\/\/anacleta.com.ar\/es_es\/wp-json\/wp\/v2\/product"}],"about":[{"href":"https:\/\/anacleta.com.ar\/es_es\/wp-json\/wp\/v2\/types\/product"}],"wp:featuredmedia":[{"embeddable":true,"href":"https:\/\/anacleta.com.ar\/es_es\/wp-json\/wp\/v2\/media\/110529"}],"wp:attachment":[{"href":"https:\/\/anacleta.com.ar\/es_es\/wp-json\/wp\/v2\/media?parent=110524"}],"wp:term":[{"taxonomy":"product_brand","embeddable":true,"href":"https:\/\/anacleta.com.ar\/es_es\/wp-json\/wp\/v2\/product_brand?post=110524"},{"taxonomy":"product_cat","embeddable":true,"href":"https:\/\/anacleta.com.ar\/es_es\/wp-json\/wp\/v2\/product_cat?post=110524"},{"taxonomy":"product_tag","embeddable":true,"href":"https:\/\/anacleta.com.ar\/es_es\/wp-json\/wp\/v2\/product_tag?post=110524"}],"curies":[{"name":"wp","href":"https:\/\/api.w.org\/{rel}","templated":true}]}}