{"id":110530,"date":"2026-04-25T11:13:12","date_gmt":"2026-04-25T14:13:12","guid":{"rendered":"https:\/\/anacleta.com.ar\/?post_type=product&#038;p=110530"},"modified":"2026-04-25T11:13:12","modified_gmt":"2026-04-25T14:13:12","slug":"vestido-azulino","status":"publish","type":"product","link":"https:\/\/anacleta.com.ar\/es_es\/producto\/vestido-azulino\/","title":{"rendered":"Vestido Azulino"},"content":{"rendered":"","protected":false},"excerpt":{"rendered":"<p>Este vestido largo con estampa de plumas expresa una elegancia et\u00e9rea inspirada en la naturaleza patag\u00f3nica. De escote en \u201cV\u201d y corte sirena, se ajusta suavemente al cuerpo y realza la silueta con una ca\u00edda que acompa\u00f1a el movimiento de forma arm\u00f3nica<\/p>\n","protected":false},"featured_media":110532,"template":"","meta":[],"product_brand":[485],"product_cat":[125,130],"product_tag":[114],"class_list":{"0":"post-110530","1":"product","2":"type-product","3":"status-publish","4":"has-post-thumbnail","6":"product_brand-natalia-antolin","7":"product_cat-fiesta","8":"product_cat-vestidos-y-faldas","9":"product_tag-natalia-antolin","11":"first","12":"instock","13":"shipping-taxable","14":"purchasable","15":"product-type-variable"},"_links":{"self":[{"href":"https:\/\/anacleta.com.ar\/es_es\/wp-json\/wp\/v2\/product\/110530","targetHints":{"allow":["GET"]}}],"collection":[{"href":"https:\/\/anacleta.com.ar\/es_es\/wp-json\/wp\/v2\/product"}],"about":[{"href":"https:\/\/anacleta.com.ar\/es_es\/wp-json\/wp\/v2\/types\/product"}],"wp:featuredmedia":[{"embeddable":true,"href":"https:\/\/anacleta.com.ar\/es_es\/wp-json\/wp\/v2\/media\/110532"}],"wp:attachment":[{"href":"https:\/\/anacleta.com.ar\/es_es\/wp-json\/wp\/v2\/media?parent=110530"}],"wp:term":[{"taxonomy":"product_brand","embeddable":true,"href":"https:\/\/anacleta.com.ar\/es_es\/wp-json\/wp\/v2\/product_brand?post=110530"},{"taxonomy":"product_cat","embeddable":true,"href":"https:\/\/anacleta.com.ar\/es_es\/wp-json\/wp\/v2\/product_cat?post=110530"},{"taxonomy":"product_tag","embeddable":true,"href":"https:\/\/anacleta.com.ar\/es_es\/wp-json\/wp\/v2\/product_tag?post=110530"}],"curies":[{"name":"wp","href":"https:\/\/api.w.org\/{rel}","templated":true}]}}