{"id":110534,"date":"2026-04-25T11:16:36","date_gmt":"2026-04-25T14:16:36","guid":{"rendered":"https:\/\/anacleta.com.ar\/?post_type=product&#038;p=110534"},"modified":"2026-04-25T11:16:36","modified_gmt":"2026-04-25T14:16:36","slug":"top-patagonia","status":"publish","type":"product","link":"https:\/\/anacleta.com.ar\/es_es\/producto\/top-patagonia\/","title":{"rendered":"Top Patagonia"},"content":{"rendered":"","protected":false},"excerpt":{"rendered":"<p>Este top pone en primer plano el paisaje estampado con un acabado limpio y minimalista, permitiendo que la ilustraci\u00f3n sea la protagonista absoluta. El escote recto y los breteles anchos aportan estructura y equilibrio, logrando una silueta moderna, et\u00e9rea y visualmente impactante. Una pieza vers\u00e1til que funciona tanto como foco del look como base para combinaciones m\u00e1s elaboradas.<\/p>\n","protected":false},"featured_media":110538,"template":"","meta":[],"product_brand":[485],"product_cat":[125,181],"product_tag":[114],"class_list":{"0":"post-110534","1":"product","2":"type-product","3":"status-publish","4":"has-post-thumbnail","6":"product_brand-natalia-antolin","7":"product_cat-fiesta","8":"product_cat-tops","9":"product_tag-natalia-antolin","11":"first","12":"instock","13":"shipping-taxable","14":"purchasable","15":"product-type-variable"},"_links":{"self":[{"href":"https:\/\/anacleta.com.ar\/es_es\/wp-json\/wp\/v2\/product\/110534","targetHints":{"allow":["GET"]}}],"collection":[{"href":"https:\/\/anacleta.com.ar\/es_es\/wp-json\/wp\/v2\/product"}],"about":[{"href":"https:\/\/anacleta.com.ar\/es_es\/wp-json\/wp\/v2\/types\/product"}],"wp:featuredmedia":[{"embeddable":true,"href":"https:\/\/anacleta.com.ar\/es_es\/wp-json\/wp\/v2\/media\/110538"}],"wp:attachment":[{"href":"https:\/\/anacleta.com.ar\/es_es\/wp-json\/wp\/v2\/media?parent=110534"}],"wp:term":[{"taxonomy":"product_brand","embeddable":true,"href":"https:\/\/anacleta.com.ar\/es_es\/wp-json\/wp\/v2\/product_brand?post=110534"},{"taxonomy":"product_cat","embeddable":true,"href":"https:\/\/anacleta.com.ar\/es_es\/wp-json\/wp\/v2\/product_cat?post=110534"},{"taxonomy":"product_tag","embeddable":true,"href":"https:\/\/anacleta.com.ar\/es_es\/wp-json\/wp\/v2\/product_tag?post=110534"}],"curies":[{"name":"wp","href":"https:\/\/api.w.org\/{rel}","templated":true}]}}