{"id":110539,"date":"2026-04-25T11:19:42","date_gmt":"2026-04-25T14:19:42","guid":{"rendered":"https:\/\/anacleta.com.ar\/?post_type=product&#038;p=110539"},"modified":"2026-04-25T11:19:42","modified_gmt":"2026-04-25T14:19:42","slug":"saco-quina","status":"publish","type":"product","link":"https:\/\/anacleta.com.ar\/es_es\/producto\/saco-quina\/","title":{"rendered":"Saco Quina"},"content":{"rendered":"","protected":false},"excerpt":{"rendered":"<p>Este spencer de corte sastrero suma un gui\u00f1o l\u00fadico y brillante a una silueta cl\u00e1sica. Los apliques de corazones de strass aportan luz y personalidad, transform\u00e1ndolo en una pieza protagonista que eleva cualquier look. Su largo reducido y calce entallado estilizan la figura, ideal para llevar sobre vestidos o combinado con pantalones de tiro alto para un conjunto moderno y expresivo.<\/p>\n","protected":false},"featured_media":110541,"template":"","meta":[],"product_brand":[485],"product_cat":[125,148],"product_tag":[114],"class_list":{"0":"post-110539","1":"product","2":"type-product","3":"status-publish","4":"has-post-thumbnail","6":"product_brand-natalia-antolin","7":"product_cat-fiesta","8":"product_cat-sacos-y-camperas","9":"product_tag-natalia-antolin","11":"first","12":"instock","13":"shipping-taxable","14":"purchasable","15":"product-type-variable"},"_links":{"self":[{"href":"https:\/\/anacleta.com.ar\/es_es\/wp-json\/wp\/v2\/product\/110539","targetHints":{"allow":["GET"]}}],"collection":[{"href":"https:\/\/anacleta.com.ar\/es_es\/wp-json\/wp\/v2\/product"}],"about":[{"href":"https:\/\/anacleta.com.ar\/es_es\/wp-json\/wp\/v2\/types\/product"}],"wp:featuredmedia":[{"embeddable":true,"href":"https:\/\/anacleta.com.ar\/es_es\/wp-json\/wp\/v2\/media\/110541"}],"wp:attachment":[{"href":"https:\/\/anacleta.com.ar\/es_es\/wp-json\/wp\/v2\/media?parent=110539"}],"wp:term":[{"taxonomy":"product_brand","embeddable":true,"href":"https:\/\/anacleta.com.ar\/es_es\/wp-json\/wp\/v2\/product_brand?post=110539"},{"taxonomy":"product_cat","embeddable":true,"href":"https:\/\/anacleta.com.ar\/es_es\/wp-json\/wp\/v2\/product_cat?post=110539"},{"taxonomy":"product_tag","embeddable":true,"href":"https:\/\/anacleta.com.ar\/es_es\/wp-json\/wp\/v2\/product_tag?post=110539"}],"curies":[{"name":"wp","href":"https:\/\/api.w.org\/{rel}","templated":true}]}}